{"id":4005,"date":"2023-02-17T12:30:52","date_gmt":"2023-02-17T12:30:52","guid":{"rendered":"https:\/\/caribbeanislands.com\/?page_id=4005"},"modified":"2023-02-17T12:31:03","modified_gmt":"2023-02-17T12:31:03","slug":"lesezeichen","status":"publish","type":"page","link":"https:\/\/www.caribbeanislands.com\/de\/lesezeichen\/","title":{"rendered":"Lesezeichen"},"content":{"rendered":"<p>Lesezeichen<\/p>\n<ul>\n<li>\n        <a href=\"https:\/\/www.passageweather.com\/\" target=\"_blank\" title=\"Passage Weather\" alt=\"Passage Weather\" rel=\"noopener noreferrer\">Passage Weather<\/a> PassageWeather ist eine spezialisierte Wettervorhersageplattform, die 7-t\u00e4gige Wetter-, Wind- und Wellenvorhersagen bereitstellt, um Bootsfahrer bei der Reiseplanung und Wettervorhersage zu unterst\u00fctzen. Die zur Erstellung der Wettervorhersagekarten verwendeten Wetterdaten stammen aus vertrauensw\u00fcrdigen und zuverl\u00e4ssigen Quellen wie dem US National Weather Service (NWS), der National Oceanic and Atmospheric Administration (NOAA), den National Centers for Environmental Prediction (NCEP) und der Marine Abteilung f\u00fcr Meteorologie des US Naval Research Laboratory (NRL), Frivind AS und des Cyprus Oceanographic Center.\n    <\/li>\n<li><a href=\"https:\/\/www.windyty.com\/?18.573,-71.389,6\" alt=\"Windyty \" title=\"Windyty\" target=\"_blank\" rel=\"noopener noreferrer\">Windyty <\/a> Windyty ist eine Windkarte und Wettervorhersage f\u00fcr Bootsfahrer und Bootsfahrer, Kiter, Surfer, Piloten, Segler und alle anderen, die sich f\u00fcr Wettervorhersagen interessieren. Animierte Weltwetterkarte mit benutzerfreundlichen Overlays und genauen Punktvorhersagen. METAR, TAF und NOTAMs f\u00fcr jeden Flughafen der Welt.\n    <\/li>\n<li><a href=\"https:\/\/www.nhc.noaa.gov\/\" alt=\"NOAA\" title=\"NOAA\" target=\"_blank\" rel=\"noopener noreferrer\">NOAA<\/a> &#8211; Ocean Prediction Center &#8211; Produziert Meereswetterwarnungen, Vorhersagen und Anleitungen in Text- und Grafikformaten f\u00fcr Meeresbenutzer in den Gew\u00e4ssern des Nordatlantiks und des Pazifiks. OPC \u00fcberwacht und analysiert kontinuierlich Meeresdaten und bietet Leitlinien zu atmosph\u00e4rischen Variablen im Meer, um Leben und Eigentum zu sch\u00fctzen, die Sicherheit auf See zu gew\u00e4hrleisten und die wirtschaftlichen M\u00f6glichkeiten zu verbessern.\n    <\/li>\n<\/ul>\n<ul>\n<li>Tourismusverband von <a href=\"https:\/\/ivisitanguilla.com\/\" target=\"_blank\" rel=\"noopener noreferrer\">Anguilla<\/a><\/li>\n<li>Tourismusverband von <a href=\"https:\/\/www.antigua-barbuda.org\/\" target=\"_blank\" rel=\"noopener noreferrer\">Antigua and Barbuda<\/a><\/li>\n<li>Tourismusverband von <a href=\"https:\/\/www.bahamas.com\/\" target=\"_blank\" rel=\"noopener noreferrer\">Bahamas<\/a><\/li>\n<li>Tourismusverband von <a href=\"https:\/\/www.visitbarbados.org\/\" target=\"_blank\" rel=\"noopener noreferrer\">Barbados<\/a><\/li>\n<li>Tourismusverband von <a href=\"https:\/\/www.tourismbonaire.com\/en\/\" target=\"_blank\" rel=\"noopener noreferrer\">Bonaire<\/a><\/li>\n<li>Tourismusverband von <a href=\"https:\/\/www.bvitourism.com\/\" target=\"_blank\" rel=\"noopener noreferrer\">British Virgin Islands<\/a><\/li>\n<li>Tourismusverband von <a href=\"https:\/\/www.curacao.com\/\" target=\"_blank\" rel=\"noopener noreferrer\">Curacao<\/a><\/li>\n<li>Tourismusverband von <a href=\"https:\/\/www.discoverdominica.com\/\" target=\"_blank\" rel=\"noopener noreferrer\">Dominica<\/a><\/li>\n<li>Tourismusverband von <a href=\"https:\/\/www.grenadagrenadines.com\/\" target=\"_blank\" rel=\"noopener noreferrer\">Grenada<\/a><\/li>\n<li>Tourismusverband von <a href=\"https:\/\/www.myguadeloupeislands.com\/\" target=\"_blank\" rel=\"noopener noreferrer\">Guadeloupe<\/a><\/li>\n<li>Tourismusverband von <a href=\"https:\/\/www.guyana-tourism.com\/\" target=\"_blank\" rel=\"noopener noreferrer\">Guyana<\/a><\/li>\n<li>Tourismusverband von <a href=\"https:\/\/www.martinique.org\/\" target=\"_blank\" rel=\"noopener noreferrer\">Martinique<\/a><\/li>\n<li>Tourismusverband von <a href=\"https:\/\/www.visitmontserrat.com\/\" target=\"_blank\" rel=\"noopener noreferrer\">Montserrat<\/a><\/li>\n<li>Tourismusverband von <a href=\"https:\/\/site.seepuertorico.com\/\" target=\"_blank\" rel=\"noopener noreferrer\">Puerto Rico<\/a><\/li>\n<li>Tourismusverband von <a href=\"https:\/\/www.sabatourism.com\/\" target=\"_blank\" rel=\"noopener noreferrer\">Saba<\/a><\/li>\n<li>Tourismusverband von <a href=\"https:\/\/www.statiatourism.com\/\" target=\"_blank\" rel=\"noopener noreferrer\">Sint Eustatius<\/a><\/li>\n<li>Tourismusverband von <a href=\"https:\/\/www.saintbarth-tourisme.com\/\" target=\"_blank\" rel=\"noopener noreferrer\">St. Barths<\/a><\/li>\n<li>Tourismusverband von <a href=\"https:\/\/www.stkittstourism.kn\/\" target=\"_blank\" rel=\"noopener noreferrer\">St. Kitts &#038; Nevis<\/a><\/li>\n<li>Tourismusverband von <a href=\"https:\/\/stlucianow.com\/\" target=\"_blank\" rel=\"noopener noreferrer\">St. Lucia<\/a><\/li>\n<li>Tourismusverband von <a href=\"https:\/\/www.stmartinisland.org\/\" target=\"_blank\" rel=\"noopener noreferrer\">St. Martin<\/a><\/li>\n<li>Tourismusverband von <a href=\"https:\/\/www.discoversvg.com\/\" target=\"_blank\" rel=\"noopener noreferrer\">St. Vincent &#038; the Grenadines<\/a><\/li>\n<li>Tourismusverband von <a href=\"https:\/\/gotrinidadandtobago.com\/\" target=\"_blank\" rel=\"noopener noreferrer\">Trinidad &#038; Tobago<\/a><\/li>\n<li>Tourismusverband von <a href=\"https:\/\/www.turksandcaicostourism.com\/\" target=\"_blank\" rel=\"noopener noreferrer\">Turks &#038; Caicos<\/a><\/li>\n<li>Tourismusverband von <a href=\"https:\/\/www.visitusvi.com\/\" target=\"_blank\" rel=\"noopener noreferrer\">USVI<\/a><\/li>\n<\/ul>\n","protected":false},"excerpt":{"rendered":"<p>Lesezeichen Passage Weather PassageWeather ist eine spezialisierte Wettervorhersageplattform, die 7-t\u00e4gige Wetter-, Wind- und Wellenvorhersagen bereitstellt, um Bootsfahrer bei der Reiseplanung und Wettervorhersage zu unterst\u00fctzen. Die zur Erstellung der Wettervorhersagekarten verwendeten Wetterdaten stammen aus vertrauensw\u00fcrdigen und zuverl\u00e4ssigen Quellen wie dem US National Weather Service (NWS), der National Oceanic and Atmospheric Administration (NOAA), den National Centers for [&hellip;]<\/p>\n","protected":false},"author":1,"featured_media":0,"parent":0,"menu_order":0,"comment_status":"closed","ping_status":"closed","template":"","meta":{"_et_pb_use_builder":"","_et_pb_old_content":"","_et_gb_content_width":"","footnotes":""},"class_list":["post-4005","page","type-page","status-publish","hentry"],"_links":{"self":[{"href":"https:\/\/www.caribbeanislands.com\/de\/wp-json\/wp\/v2\/pages\/4005","targetHints":{"allow":["GET"]}}],"collection":[{"href":"https:\/\/www.caribbeanislands.com\/de\/wp-json\/wp\/v2\/pages"}],"about":[{"href":"https:\/\/www.caribbeanislands.com\/de\/wp-json\/wp\/v2\/types\/page"}],"author":[{"embeddable":true,"href":"https:\/\/www.caribbeanislands.com\/de\/wp-json\/wp\/v2\/users\/1"}],"replies":[{"embeddable":true,"href":"https:\/\/www.caribbeanislands.com\/de\/wp-json\/wp\/v2\/comments?post=4005"}],"version-history":[{"count":2,"href":"https:\/\/www.caribbeanislands.com\/de\/wp-json\/wp\/v2\/pages\/4005\/revisions"}],"predecessor-version":[{"id":4013,"href":"https:\/\/www.caribbeanislands.com\/de\/wp-json\/wp\/v2\/pages\/4005\/revisions\/4013"}],"wp:attachment":[{"href":"https:\/\/www.caribbeanislands.com\/de\/wp-json\/wp\/v2\/media?parent=4005"}],"curies":[{"name":"wp","href":"https:\/\/api.w.org\/{rel}","templated":true}]}}