{"id":4020,"date":"2023-02-17T16:30:33","date_gmt":"2023-02-17T16:30:33","guid":{"rendered":"https:\/\/caribbeanislands.com\/karibik\/"},"modified":"2023-03-16T13:20:46","modified_gmt":"2023-03-16T13:20:46","slug":"karibik","status":"publish","type":"page","link":"https:\/\/www.caribbeanislands.com\/de\/","title":{"rendered":"Karibik"},"content":{"rendered":"<p>[et_pb_section fb_built=&#8220;1&#8243; _builder_version=&#8220;4.16&#8243; custom_padding=&#8220;||0px|||&#8220; global_colors_info=&#8220;{}&#8220;][et_pb_row admin_label=&#8220;Row&#8220; _builder_version=&#8220;4.16&#8243; custom_padding=&#8220;24px|||||&#8220; global_colors_info=&#8220;{}&#8220;][et_pb_column type=&#8220;4_4&#8243; _builder_version=&#8220;4.16&#8243; global_colors_info=&#8220;{}&#8220;][et_pb_text _builder_version=&#8220;4.19.5&#8243; header_text_color=&#8220;#337ab7&#8243; min_height=&#8220;196px&#8220; custom_margin=&#8220;-29px|||||&#8220; global_colors_info=&#8220;{}&#8220;]<\/p>\n<h1>Die Karibischen Inseln<\/h1>\n<p>Die\u00a0<strong>Karibischen Inseln<\/strong>\u00a0sind ein riesiges Archipel im Karibischen Meer, das in einige verschiedene Regionen unterteilt werden kann: das Lucayan-Archipel, die Gro\u00dfen Antillen, die Kleinen Antillen und die ABC-Inseln. Es gibt 13 souver\u00e4ne Staaten und 17 abh\u00e4ngige Gebiete in der Karibik, und die vorherrschenden Sprachen sind Englisch, Spanisch, Franz\u00f6sisch, Niederl\u00e4ndisch und Antillen-Kreolisch. Die Karibik erstreckt sich \u00fcber mehr als 1,06 Millionen Quadratmeilen und liegt haupts\u00e4chlich zwischen Nordamerika und S\u00fcdamerika.<\/p>\n<p>[\/et_pb_text][et_pb_text _builder_version=&#8220;4.16&#8243; header_2_text_color=&#8220;#24b6ff&#8220; background_color=&#8220;#f7f4f4&#8243; custom_margin=&#8220;||||false|false&#8220; custom_padding=&#8220;10px||10px|10px|false|false&#8220; global_colors_info=&#8220;{}&#8220;]<\/p>\n<h2>Gro\u00dfe Antillen<\/h2>\n<p>Die meistbesuchte Region in der Karibik<\/p>\n<p>[\/et_pb_text][\/et_pb_column][\/et_pb_row][\/et_pb_section][et_pb_section fb_built=&#8220;1&#8243; _builder_version=&#8220;4.20.0&#8243; custom_padding=&#8220;0px|0px|0px|0px|false|false&#8220; global_colors_info=&#8220;{}&#8220;][et_pb_row _builder_version=&#8220;4.20.0&#8243; width=&#8220;98%&#8220; custom_margin=&#8220;0px|auto||auto|false|false&#8220; custom_padding=&#8220;0px|0px|0px|0px|false|false&#8220; border_width_right=&#8220;0px&#8220; border_width_left=&#8220;0px&#8220; global_colors_info=&#8220;{}&#8220;][et_pb_column type=&#8220;4_4&#8243; _builder_version=&#8220;4.16&#8243; global_colors_info=&#8220;{}&#8220;][et_pb_blog fullwidth=&#8220;off&#8220; include_categories=&#8220;3&#8243; excerpt_length=&#8220;0&#8243; show_author=&#8220;off&#8220; show_date=&#8220;off&#8220; show_categories=&#8220;off&#8220; _builder_version=&#8220;4.20.2&#8243; header_level=&#8220;h3&#8243; text_orientation=&#8220;left&#8220; hover_enabled=&#8220;0&#8243; global_colors_info=&#8220;{}&#8220; module_class=&#8220;two-col-mob  two-col-tab&#8220; sticky_enabled=&#8220;0&#8243;][\/et_pb_blog][et_pb_text _builder_version=&#8220;4.16&#8243; header_2_text_color=&#8220;#24b6ff&#8220; background_color=&#8220;#f7f4f4&#8243; custom_margin=&#8220;||||false|false&#8220; custom_padding=&#8220;10px||10px|10px|false|false&#8220; global_colors_info=&#8220;{}&#8220;]<\/p>\n<h2>Die Kleinen Antillen<\/h2>\n<p>bilden die Grenze zwischen dem Karibischen Meer und dem Nordatlantik, bestehend aus <strong>Leeward<\/strong>, <strong>Windward<\/strong> &#038; die <strong>ABC<\/strong>-Inseln<\/p>\n<p>[\/et_pb_text][et_pb_text _builder_version=&#8220;4.16&#8243; header_text_color=&#8220;#337ab7&#8243; global_colors_info=&#8220;{}&#8220;]<\/p>\n<p>Die meisten Inseln der\u00a0<strong>Kleinen Antillen<\/strong>\u00a0bilden die Grenze zwischen dem Karibischen Meer und dem Nordatlantik. Sie befinden sich im n\u00f6rdlichen Teil der Westindischen Inseln. Die Inseln hier sind weiter in drei Regionen unterteilt:\u00a0<strong>die Leeward-Inseln, die Windward-Inseln, die ABC-Inseln<\/strong><\/p>\n<p>[\/et_pb_text][et_pb_text _builder_version=&#8220;4.16&#8243; header_2_text_color=&#8220;#24b6ff&#8220; background_color=&#8220;#f7f4f4&#8243; custom_margin=&#8220;||||false|false&#8220; custom_padding=&#8220;10px||10px|10px|false|false&#8220; global_colors_info=&#8220;{}&#8220;]<\/p>\n<h2>Inseln \u00fcber dem Winde<\/h2>\n<p>die n\u00f6rdlichen Inseln der Kette der Kleinen Antillen<\/p>\n<p>[\/et_pb_text][et_pb_blog fullwidth=&#8220;off&#8220; posts_number=&#8220;20&#8243; include_categories=&#8220;5&#8243; excerpt_length=&#8220;0&#8243; show_author=&#8220;off&#8220; show_date=&#8220;off&#8220; show_categories=&#8220;off&#8220; _builder_version=&#8220;4.20.0&#8243; header_level=&#8220;h3&#8243; global_colors_info=&#8220;{}&#8220;][\/et_pb_blog][et_pb_text _builder_version=&#8220;4.16&#8243; header_2_text_color=&#8220;#24b6ff&#8220; background_color=&#8220;#f7f4f4&#8243; custom_margin=&#8220;||||false|false&#8220; custom_padding=&#8220;10px||10px|10px|false|false&#8220; global_colors_info=&#8220;{}&#8220;]<\/p>\n<h2>Inseln \u00fcber dem Winde<\/h2>\n<p>S\u00fcdliche Karibik<\/p>\n<p>[\/et_pb_text][et_pb_blog fullwidth=&#8220;off&#8220; posts_number=&#8220;7&#8243; include_categories=&#8220;6&#8243; excerpt_length=&#8220;0&#8243; show_author=&#8220;off&#8220; show_date=&#8220;off&#8220; show_categories=&#8220;off&#8220; _builder_version=&#8220;4.20.0&#8243; header_level=&#8220;h3&#8243; global_colors_info=&#8220;{}&#8220;][\/et_pb_blog][et_pb_text _builder_version=&#8220;4.16&#8243; header_2_text_color=&#8220;#24b6ff&#8220; background_color=&#8220;#f7f4f4&#8243; custom_margin=&#8220;||||false|false&#8220; custom_padding=&#8220;10px||10px|10px|false|false&#8220; global_colors_info=&#8220;{}&#8220;]<\/p>\n<h2>ABC-Inseln<\/h2>\n<p>die drei westlichsten Inseln der Leeward-Antillen im Karibischen Meer<\/p>\n<p>[\/et_pb_text][et_pb_blog fullwidth=&#8220;off&#8220; posts_number=&#8220;20&#8243; include_categories=&#8220;7&#8243; excerpt_length=&#8220;0&#8243; show_author=&#8220;off&#8220; show_date=&#8220;off&#8220; show_categories=&#8220;off&#8220; _builder_version=&#8220;4.20.0&#8243; header_level=&#8220;h3&#8243; global_colors_info=&#8220;{}&#8220;][\/et_pb_blog][et_pb_text _builder_version=&#8220;4.16&#8243; header_2_text_color=&#8220;#24b6ff&#8220; background_color=&#8220;#f7f4f4&#8243; custom_margin=&#8220;||||false|false&#8220; custom_padding=&#8220;10px||10px|10px|false|false&#8220; global_colors_info=&#8220;{}&#8220;]<\/p>\n<h2>LUKAYISCHER ARCHIPEL<\/h2>\n<p>Die N\u00e4he zu den USA macht es zu einem sehr beliebten Urlaubsziel<\/p>\n<p>[\/et_pb_text][\/et_pb_column][\/et_pb_row][et_pb_row _builder_version=&#8220;4.20.0&#8243; custom_padding=&#8220;||0px||false|false&#8220; global_colors_info=&#8220;{}&#8220;][et_pb_column type=&#8220;4_4&#8243; _builder_version=&#8220;4.16&#8243; global_colors_info=&#8220;{}&#8220;][et_pb_blog fullwidth=&#8220;off&#8220; posts_number=&#8220;50&#8243; include_categories=&#8220;8&#8243; excerpt_length=&#8220;0&#8243; show_author=&#8220;off&#8220; show_date=&#8220;off&#8220; show_categories=&#8220;off&#8220; _builder_version=&#8220;4.20.0&#8243; global_colors_info=&#8220;{}&#8220;][\/et_pb_blog][\/et_pb_column][\/et_pb_row][\/et_pb_section][et_pb_section fb_built=&#8220;1&#8243; _builder_version=&#8220;4.20.0&#8243; custom_padding=&#8220;||0px||false|false&#8220; global_colors_info=&#8220;{}&#8220;][et_pb_row _builder_version=&#8220;4.16&#8243; global_colors_info=&#8220;{}&#8220;][et_pb_column type=&#8220;4_4&#8243; _builder_version=&#8220;4.16&#8243; global_colors_info=&#8220;{}&#8220;][et_pb_blog posts_number=&#8220;20&#8243; include_categories=&#8220;10&#8243; show_thumbnail=&#8220;off&#8220; show_content=&#8220;on&#8220; show_author=&#8220;off&#8220; show_date=&#8220;off&#8220; show_categories=&#8220;off&#8220; _builder_version=&#8220;4.16&#8243; custom_margin=&#8220;-30px|||||&#8220; global_colors_info=&#8220;{}&#8220;][\/et_pb_blog][\/et_pb_column][\/et_pb_row][\/et_pb_section]<\/p>\n","protected":false},"excerpt":{"rendered":"<p>Die Karibischen Inseln Die\u00a0Karibischen Inseln\u00a0sind ein riesiges Archipel im Karibischen Meer, das in einige verschiedene Regionen unterteilt werden kann: das Lucayan-Archipel, die Gro\u00dfen Antillen, die Kleinen Antillen und die ABC-Inseln. Es gibt 13 souver\u00e4ne Staaten und 17 abh\u00e4ngige Gebiete in der Karibik, und die vorherrschenden Sprachen sind Englisch, Spanisch, Franz\u00f6sisch, Niederl\u00e4ndisch und Antillen-Kreolisch. Die Karibik [&hellip;]<\/p>\n","protected":false},"author":1,"featured_media":0,"parent":0,"menu_order":0,"comment_status":"closed","ping_status":"closed","template":"","meta":{"_et_pb_use_builder":"on","_et_pb_old_content":"","_et_gb_content_width":"","footnotes":""},"class_list":["post-4020","page","type-page","status-publish","hentry"],"_links":{"self":[{"href":"https:\/\/www.caribbeanislands.com\/de\/wp-json\/wp\/v2\/pages\/4020","targetHints":{"allow":["GET"]}}],"collection":[{"href":"https:\/\/www.caribbeanislands.com\/de\/wp-json\/wp\/v2\/pages"}],"about":[{"href":"https:\/\/www.caribbeanislands.com\/de\/wp-json\/wp\/v2\/types\/page"}],"author":[{"embeddable":true,"href":"https:\/\/www.caribbeanislands.com\/de\/wp-json\/wp\/v2\/users\/1"}],"replies":[{"embeddable":true,"href":"https:\/\/www.caribbeanislands.com\/de\/wp-json\/wp\/v2\/comments?post=4020"}],"version-history":[{"count":5,"href":"https:\/\/www.caribbeanislands.com\/de\/wp-json\/wp\/v2\/pages\/4020\/revisions"}],"predecessor-version":[{"id":5640,"href":"https:\/\/www.caribbeanislands.com\/de\/wp-json\/wp\/v2\/pages\/4020\/revisions\/5640"}],"wp:attachment":[{"href":"https:\/\/www.caribbeanislands.com\/de\/wp-json\/wp\/v2\/media?parent=4020"}],"curies":[{"name":"wp","href":"https:\/\/api.w.org\/{rel}","templated":true}]}}