{"id":4874,"date":"2023-03-08T15:55:28","date_gmt":"2023-03-08T15:55:28","guid":{"rendered":"https:\/\/caribbeanislands.com\/kleine-antillen\/"},"modified":"2023-03-08T16:31:25","modified_gmt":"2023-03-08T16:31:25","slug":"kleine-antillen","status":"publish","type":"page","link":"https:\/\/www.caribbeanislands.com\/de\/kleine-antillen\/","title":{"rendered":"Kleine Antillen"},"content":{"rendered":"<p>[et_pb_section fb_built=&#8220;1&#8243; _builder_version=&#8220;4.20.1&#8243; _module_preset=&#8220;default&#8220; hover_enabled=&#8220;0&#8243; global_colors_info=&#8220;{}&#8220; min_height=&#8220;4920.9px&#8220; custom_padding=&#8220;0px|0px|0px|0px|false|false&#8220; custom_margin=&#8220;||||false|false&#8220; sticky_enabled=&#8220;0&#8243;][et_pb_row column_structure=&#8220;1_4,3_4&#8243; _builder_version=&#8220;4.20.1&#8243; _module_preset=&#8220;default&#8220; global_colors_info=&#8220;{}&#8220;][et_pb_column type=&#8220;1_4&#8243; _builder_version=&#8220;4.20.1&#8243; _module_preset=&#8220;default&#8220; global_colors_info=&#8220;{}&#8220;][et_pb_sidebar _builder_version=&#8220;4.20.1&#8243; _module_preset=&#8220;default&#8220; global_colors_info=&#8220;{}&#8220;][\/et_pb_sidebar][\/et_pb_column][et_pb_column type=&#8220;3_4&#8243; _builder_version=&#8220;4.20.1&#8243; _module_preset=&#8220;default&#8220; global_colors_info=&#8220;{}&#8220;][et_pb_text _builder_version=&#8220;4.20.1&#8243; _module_preset=&#8220;default&#8220; global_colors_info=&#8220;{}&#8220;]<\/p>\n<h1>Die Kleinen Antillen<\/h1>\n<p><strong>Die Kleinen Antillen<\/strong> sind eine Inselgruppe im Karibischen Meer, die sich von den Jungferninseln im S\u00fcden bis nach Trinidad und Tobago erstreckt und aus zwei Hauptinselgruppen besteht: der n\u00f6rdlichen Gruppe, zu der die < strong>Inseln \u00fcber dem Winde<\/strong> und die <strong>Inseln \u00fcber dem Winde<\/strong> sowie die s\u00fcdliche Gruppe, zu der Trinidad und Tobago geh\u00f6ren.<\/p>\n<p>Zu den <strong>Inseln \u00fcber dem Winde<\/strong>, die sich im n\u00f6rdlichen Teil der Kleinen Antillen befinden, geh\u00f6ren Inseln wie Antigua und Barbuda, St. Kitts und Nevis, Anguilla und die Britischen Jungferninseln. <\/p>\n<p>[\/et_pb_text][et_pb_blog fullwidth=&#8220;off&#8220; posts_number=&#8220;30&#8243; include_categories=&#8220;5&#8243; show_author=&#8220;off&#8220; show_date=&#8220;off&#8220; _builder_version=&#8220;4.20.1&#8243; _module_preset=&#8220;default&#8220; global_colors_info=&#8220;{}&#8220;][\/et_pb_blog][et_pb_text _builder_version=&#8220;4.20.1&#8243; _module_preset=&#8220;default&#8220; global_colors_info=&#8220;{}&#8220;]<\/p>\n<p>Zu den <strong>Windward Islands<\/strong>, die sich im s\u00fcdlichen Teil der Kleinen Antillen befinden, geh\u00f6ren Inseln wie Dominica, St. Lucia, St. Vincent und die Grenadinen sowie Grenada.<\/p>\n<p>[\/et_pb_text][et_pb_blog fullwidth=&#8220;off&#8220; include_categories=&#8220;6&#8243; show_author=&#8220;off&#8220; show_date=&#8220;off&#8220; _builder_version=&#8220;4.20.1&#8243; _module_preset=&#8220;default&#8220; global_colors_info=&#8220;{}&#8220;][\/et_pb_blog][\/et_pb_column][\/et_pb_row][\/et_pb_section]<\/p>\n","protected":false},"excerpt":{"rendered":"<p>Die Kleinen Antillen Die Kleinen Antillen sind eine Inselgruppe im Karibischen Meer, die sich von den Jungferninseln im S\u00fcden bis nach Trinidad und Tobago erstreckt und aus zwei Hauptinselgruppen besteht: der n\u00f6rdlichen Gruppe, zu der die < strong>Inseln \u00fcber dem Winde und die Inseln \u00fcber dem Winde sowie die s\u00fcdliche Gruppe, zu der Trinidad und [&hellip;]<\/p>\n","protected":false},"author":1,"featured_media":0,"parent":0,"menu_order":0,"comment_status":"closed","ping_status":"closed","template":"","meta":{"_et_pb_use_builder":"on","_et_pb_old_content":"","_et_gb_content_width":"","footnotes":""},"class_list":["post-4874","page","type-page","status-publish","hentry"],"_links":{"self":[{"href":"https:\/\/www.caribbeanislands.com\/de\/wp-json\/wp\/v2\/pages\/4874","targetHints":{"allow":["GET"]}}],"collection":[{"href":"https:\/\/www.caribbeanislands.com\/de\/wp-json\/wp\/v2\/pages"}],"about":[{"href":"https:\/\/www.caribbeanislands.com\/de\/wp-json\/wp\/v2\/types\/page"}],"author":[{"embeddable":true,"href":"https:\/\/www.caribbeanislands.com\/de\/wp-json\/wp\/v2\/users\/1"}],"replies":[{"embeddable":true,"href":"https:\/\/www.caribbeanislands.com\/de\/wp-json\/wp\/v2\/comments?post=4874"}],"version-history":[{"count":5,"href":"https:\/\/www.caribbeanislands.com\/de\/wp-json\/wp\/v2\/pages\/4874\/revisions"}],"predecessor-version":[{"id":4935,"href":"https:\/\/www.caribbeanislands.com\/de\/wp-json\/wp\/v2\/pages\/4874\/revisions\/4935"}],"wp:attachment":[{"href":"https:\/\/www.caribbeanislands.com\/de\/wp-json\/wp\/v2\/media?parent=4874"}],"curies":[{"name":"wp","href":"https:\/\/api.w.org\/{rel}","templated":true}]}}