{"id":5008,"date":"2023-03-08T17:38:02","date_gmt":"2023-03-08T17:38:02","guid":{"rendered":"https:\/\/caribbeanislands.com\/grosse-antillen\/"},"modified":"2023-03-08T17:38:03","modified_gmt":"2023-03-08T17:38:03","slug":"grosse-antillen","status":"publish","type":"page","link":"https:\/\/www.caribbeanislands.com\/de\/grosse-antillen\/","title":{"rendered":"Gro\u00dfe Antillen"},"content":{"rendered":"<p>[et_pb_section fb_built=&#8220;1&#8243; _builder_version=&#8220;4.16&#8243; hover_enabled=&#8220;0&#8243; global_colors_info=&#8220;{}&#8220; sticky_enabled=&#8220;0&#8243;][et_pb_row column_structure=&#8220;1_4,3_4&#8243; _builder_version=&#8220;4.20.1&#8243; background_size=&#8220;initial&#8220; background_position=&#8220;top_left&#8220; background_repeat=&#8220;repeat&#8220; global_colors_info=&#8220;{}&#8220; custom_padding=&#8220;3px|||||&#8220;][et_pb_column type=&#8220;1_4&#8243; _builder_version=&#8220;4.16&#8243; custom_padding=&#8220;|||&#8220; global_colors_info=&#8220;{}&#8220; custom_padding__hover=&#8220;|||&#8220;][et_pb_sidebar _builder_version=&#8220;4.20.1&#8243; _module_preset=&#8220;default&#8220; hover_enabled=&#8220;0&#8243; sticky_enabled=&#8220;0&#8243;][\/et_pb_sidebar][\/et_pb_column][et_pb_column type=&#8220;3_4&#8243; _builder_version=&#8220;4.16&#8243; custom_padding=&#8220;|||&#8220; global_colors_info=&#8220;{}&#8220; custom_padding__hover=&#8220;|||&#8220;][et_pb_text _builder_version=&#8220;4.20.1&#8243; background_size=&#8220;initial&#8220; background_position=&#8220;top_left&#8220; background_repeat=&#8220;repeat&#8220; hover_enabled=&#8220;0&#8243; global_colors_info=&#8220;{}&#8220; sticky_enabled=&#8220;0&#8243;]<\/p>\n<h1>Gro\u00dfe Antillen<\/h1>\n<p>Die <strong>Gro\u00dfen Antillen<\/strong> sind eine Gruppe gro\u00dfer karibischer Inseln im westlichen Teil des Karibischen Meeres. Dazu geh\u00f6ren Kuba, Hispaniola (aufgeteilt zwischen Haiti und der Dominikanischen Republik), Puerto Rico, Jamaika und die Kaimaninseln.[\/et_pb_text][et_pb_blog fullwidth=&#8220;off&#8220; include_categories=&#8220;3&#8243; show_author=&#8220;off&#8220; show_date=&#8220;off&#8220; _builder_version=&#8220;4.20.1&#8243; _module_preset=&#8220;default&#8220; global_colors_info=&#8220;{}&#8220;][\/et_pb_blog][\/et_pb_column][\/et_pb_row][\/et_pb_section]<\/p>\n","protected":false},"excerpt":{"rendered":"<p>Gro\u00dfe Antillen Die Gro\u00dfen Antillen sind eine Gruppe gro\u00dfer karibischer Inseln im westlichen Teil des Karibischen Meeres. Dazu geh\u00f6ren Kuba, Hispaniola (aufgeteilt zwischen Haiti und der Dominikanischen Republik), Puerto Rico, Jamaika und die Kaimaninseln.<\/p>\n","protected":false},"author":1,"featured_media":0,"parent":0,"menu_order":0,"comment_status":"closed","ping_status":"closed","template":"","meta":{"_et_pb_use_builder":"on","_et_pb_old_content":"","_et_gb_content_width":"","footnotes":""},"class_list":["post-5008","page","type-page","status-publish","hentry"],"_links":{"self":[{"href":"https:\/\/www.caribbeanislands.com\/de\/wp-json\/wp\/v2\/pages\/5008","targetHints":{"allow":["GET"]}}],"collection":[{"href":"https:\/\/www.caribbeanislands.com\/de\/wp-json\/wp\/v2\/pages"}],"about":[{"href":"https:\/\/www.caribbeanislands.com\/de\/wp-json\/wp\/v2\/types\/page"}],"author":[{"embeddable":true,"href":"https:\/\/www.caribbeanislands.com\/de\/wp-json\/wp\/v2\/users\/1"}],"replies":[{"embeddable":true,"href":"https:\/\/www.caribbeanislands.com\/de\/wp-json\/wp\/v2\/comments?post=5008"}],"version-history":[{"count":2,"href":"https:\/\/www.caribbeanislands.com\/de\/wp-json\/wp\/v2\/pages\/5008\/revisions"}],"predecessor-version":[{"id":5010,"href":"https:\/\/www.caribbeanislands.com\/de\/wp-json\/wp\/v2\/pages\/5008\/revisions\/5010"}],"wp:attachment":[{"href":"https:\/\/www.caribbeanislands.com\/de\/wp-json\/wp\/v2\/media?parent=5008"}],"curies":[{"name":"wp","href":"https:\/\/api.w.org\/{rel}","templated":true}]}}