{"id":5026,"date":"2023-03-08T17:39:57","date_gmt":"2023-03-08T17:39:57","guid":{"rendered":"https:\/\/caribbeanislands.com\/lucayanisches-archipel\/"},"modified":"2023-03-08T17:39:58","modified_gmt":"2023-03-08T17:39:58","slug":"lucayanisches-archipel","status":"publish","type":"page","link":"https:\/\/www.caribbeanislands.com\/de\/lucayanisches-archipel\/","title":{"rendered":"Lucayanisches Archipel"},"content":{"rendered":"<p>[et_pb_section fb_built=&#8220;1&#8243; admin_label=&#8220;section&#8220; _builder_version=&#8220;4.16&#8243; global_colors_info=&#8220;{}&#8220;][et_pb_row admin_label=&#8220;row&#8220; _builder_version=&#8220;4.20.1&#8243; background_size=&#8220;initial&#8220; background_position=&#8220;top_left&#8220; background_repeat=&#8220;repeat&#8220; hover_enabled=&#8220;0&#8243; global_colors_info=&#8220;{}&#8220; column_structure=&#8220;1_4,3_4&#8243; sticky_enabled=&#8220;0&#8243;][et_pb_column type=&#8220;1_4&#8243; _builder_version=&#8220;4.16&#8243; custom_padding=&#8220;|||&#8220; global_colors_info=&#8220;{}&#8220; custom_padding__hover=&#8220;|||&#8220;][et_pb_sidebar _builder_version=&#8220;4.20.1&#8243; _module_preset=&#8220;default&#8220; hover_enabled=&#8220;0&#8243; sticky_enabled=&#8220;0&#8243;][\/et_pb_sidebar][\/et_pb_column][et_pb_column type=&#8220;3_4&#8243; _builder_version=&#8220;4.16&#8243; custom_padding=&#8220;|||&#8220; global_colors_info=&#8220;{}&#8220; custom_padding__hover=&#8220;|||&#8220;][et_pb_text admin_label=&#8220;Text&#8220; _builder_version=&#8220;4.20.1&#8243; background_size=&#8220;initial&#8220; background_position=&#8220;top_left&#8220; background_repeat=&#8220;repeat&#8220; hover_enabled=&#8220;0&#8243; global_colors_info=&#8220;{}&#8220; sticky_enabled=&#8220;0&#8243;]<\/p>\n<h1>Lucayanisches Archipel<\/h1>\n<p>Der <strong>Lucayanische Archipel<\/strong> liegt im nordwestlichen Teil des Atlantischen Ozeans, s\u00fcd\u00f6stlich der Vereinigten Staaten und n\u00f6rdlich des Karibischen Meeres. Es umfasst mehrere Inseln wie die Bahamas, die Turks- und Caicosinseln und Teile der Insel Hispaniola, die sich Haiti und die Dominikanische Republik teilen. Und obwohl der Lucayan-Archipel im Atlantischen Ozean liegt, wird er aufgrund seiner N\u00e4he zur Karibik und ihrer gemeinsamen kulturellen, historischen und geologischen Merkmale oft als karibische Inseln bezeichnet.[\/et_pb_text][et_pb_blog _builder_version=&#8220;4.20.1&#8243; _module_preset=&#8220;default&#8220; include_categories=&#8220;8&#8243; fullwidth=&#8220;off&#8220; show_author=&#8220;off&#8220; show_date=&#8220;off&#8220; hover_enabled=&#8220;0&#8243; sticky_enabled=&#8220;0&#8243;][\/et_pb_blog][\/et_pb_column][\/et_pb_row][\/et_pb_section]<\/p>\n","protected":false},"excerpt":{"rendered":"<p>Lucayanisches Archipel Der Lucayanische Archipel liegt im nordwestlichen Teil des Atlantischen Ozeans, s\u00fcd\u00f6stlich der Vereinigten Staaten und n\u00f6rdlich des Karibischen Meeres. Es umfasst mehrere Inseln wie die Bahamas, die Turks- und Caicosinseln und Teile der Insel Hispaniola, die sich Haiti und die Dominikanische Republik teilen. Und obwohl der Lucayan-Archipel im Atlantischen Ozean liegt, wird er [&hellip;]<\/p>\n","protected":false},"author":1,"featured_media":0,"parent":0,"menu_order":0,"comment_status":"closed","ping_status":"closed","template":"","meta":{"_et_pb_use_builder":"on","_et_pb_old_content":"","_et_gb_content_width":"","footnotes":""},"class_list":["post-5026","page","type-page","status-publish","hentry"],"_links":{"self":[{"href":"https:\/\/www.caribbeanislands.com\/de\/wp-json\/wp\/v2\/pages\/5026","targetHints":{"allow":["GET"]}}],"collection":[{"href":"https:\/\/www.caribbeanislands.com\/de\/wp-json\/wp\/v2\/pages"}],"about":[{"href":"https:\/\/www.caribbeanislands.com\/de\/wp-json\/wp\/v2\/types\/page"}],"author":[{"embeddable":true,"href":"https:\/\/www.caribbeanislands.com\/de\/wp-json\/wp\/v2\/users\/1"}],"replies":[{"embeddable":true,"href":"https:\/\/www.caribbeanislands.com\/de\/wp-json\/wp\/v2\/comments?post=5026"}],"version-history":[{"count":2,"href":"https:\/\/www.caribbeanislands.com\/de\/wp-json\/wp\/v2\/pages\/5026\/revisions"}],"predecessor-version":[{"id":5028,"href":"https:\/\/www.caribbeanislands.com\/de\/wp-json\/wp\/v2\/pages\/5026\/revisions\/5028"}],"wp:attachment":[{"href":"https:\/\/www.caribbeanislands.com\/de\/wp-json\/wp\/v2\/media?parent=5026"}],"curies":[{"name":"wp","href":"https:\/\/api.w.org\/{rel}","templated":true}]}}