{"id":4009,"date":"2023-02-17T12:33:01","date_gmt":"2023-02-17T12:33:01","guid":{"rendered":"https:\/\/caribbeanislands.com\/?page_id=4009"},"modified":"2023-02-17T12:35:37","modified_gmt":"2023-02-17T12:35:37","slug":"marcadores","status":"publish","type":"page","link":"https:\/\/www.caribbeanislands.com\/es\/marcadores\/","title":{"rendered":"Marcadores"},"content":{"rendered":"<ul>\n<li>\n        <a href=\"https:\/\/www.passageweather.com\/\" target=\"_blank\" title=\"Passage Weather\" alt=\"Passage Weather\" rel=\"noopener noreferrer\">Passage Weather<\/a> PassageWeather es una plataforma de pron\u00f3stico meteorol\u00f3gico especializada que proporciona pron\u00f3sticos meteorol\u00f3gicos, de viento y de olas de 7 d\u00edas para ayudar a los navegantes con la planificaci\u00f3n de viajes y rutas meteorol\u00f3gicas. Los datos meteorol\u00f3gicos utilizados para producir los gr\u00e1ficos de pron\u00f3stico del tiempo provienen de fuentes confiables y confiables, como el Servicio Meteorol\u00f3gico Nacional (NWS) de EE. UU., la Administraci\u00f3n Nacional Oce\u00e1nica y Atmosf\u00e9rica (NOAA), los Centros Nacionales para la Predicci\u00f3n Ambiental (NCEP), el Divisi\u00f3n de Meteorolog\u00eda del Laboratorio de Investigaci\u00f3n Naval de EE. UU. (NRL), Frivind AS y el Centro Oceanogr\u00e1fico de Chipre.\n    <\/li>\n<li><a href=\"https:\/\/www.windyty.com\/?18.573,-71.389,6\" alt=\"Windyty \" title=\"Windyty\" target=\"_blank\" rel=\"noopener noreferrer\">Windyty <\/a> Windyty es un mapa de viento y pron\u00f3stico del tiempo para navegantes y navegantes, kiters, surfistas, pilotos, marineros y cualquier otra persona interesada en el pron\u00f3stico del tiempo. Mapa meteorol\u00f3gico mundial animado, con superposiciones f\u00e1ciles de usar y pron\u00f3sticos puntuales precisos. METAR, TAF y NOTAMs para cualquier aeropuerto del mundo.\n    <\/li>\n<li><a href=\"https:\/\/www.nhc.noaa.gov\/\" alt=\"NOAA\" title=\"NOAA\" target=\"_blank\" rel=\"noopener noreferrer\">NOAA<\/a> &#8211; Ocean Prediction Center: produce avisos meteorol\u00f3gicos marinos, pron\u00f3sticos y orientaci\u00f3n en formatos de texto y gr\u00e1ficos para usuarios marinos en las aguas del Atl\u00e1ntico Norte y el Pac\u00edfico. OPC monitorea y analiza continuamente los datos marinos y brinda orientaci\u00f3n sobre las variables atmosf\u00e9ricas marinas para proteger la vida y la propiedad, la seguridad en el mar y mejorar las oportunidades econ\u00f3micas.\n    <\/li>\n<\/ul>\n<ul>\n<li>Junta de Turismo de <a href=\"https:\/\/ivisitanguilla.com\/\" target=\"_blank\" rel=\"noopener noreferrer\">Anguilla<\/a><\/li>\n<li>Junta de Turismo de <a href=\"https:\/\/www.antigua-barbuda.org\/\" target=\"_blank\" rel=\"noopener noreferrer\">Antigua and Barbuda<\/a><\/li>\n<li>Junta de Turismo de <a href=\"https:\/\/www.bahamas.com\/\" target=\"_blank\" rel=\"noopener noreferrer\">Bahamas<\/a><\/li>\n<li>Junta de Turismo de <a href=\"https:\/\/www.visitbarbados.org\/\" target=\"_blank\" rel=\"noopener noreferrer\">Barbados<\/a><\/li>\n<li>Junta de Turismo de <a href=\"https:\/\/www.tourismbonaire.com\/en\/\" target=\"_blank\" rel=\"noopener noreferrer\">Bonaire<\/a><\/li>\n<li>Junta de Turismo de <a href=\"https:\/\/www.bvitourism.com\/\" target=\"_blank\" rel=\"noopener noreferrer\">British Virgin Islands<\/a><\/li>\n<li>Junta de Turismo de <a href=\"https:\/\/www.curacao.com\/\" target=\"_blank\" rel=\"noopener noreferrer\">Curacao<\/a><\/li>\n<li>Junta de Turismo de <a href=\"https:\/\/www.discoverdominica.com\/\" target=\"_blank\" rel=\"noopener noreferrer\">Dominica<\/a><\/li>\n<li>Junta de Turismo de <a href=\"https:\/\/www.grenadagrenadines.com\/\" target=\"_blank\" rel=\"noopener noreferrer\">Grenada<\/a><\/li>\n<li>Junta de Turismo de <a href=\"https:\/\/www.myguadeloupeislands.com\/\" target=\"_blank\" rel=\"noopener noreferrer\">Guadeloupe<\/a><\/li>\n<li>Junta de Turismo de <a href=\"https:\/\/www.guyana-tourism.com\/\" target=\"_blank\" rel=\"noopener noreferrer\">Guyana<\/a><\/li>\n<li>Junta de Turismo de <a href=\"https:\/\/www.martinique.org\/\" target=\"_blank\" rel=\"noopener noreferrer\">Martinique<\/a><\/li>\n<li>Junta de Turismo de <a href=\"https:\/\/www.visitmontserrat.com\/\" target=\"_blank\" rel=\"noopener noreferrer\">Montserrat<\/a><\/li>\n<li>Junta de Turismo de <a href=\"https:\/\/site.seepuertorico.com\/\" target=\"_blank\" rel=\"noopener noreferrer\">Puerto Rico<\/a><\/li>\n<li>Junta de Turismo de <a href=\"https:\/\/www.sabatourism.com\/\" target=\"_blank\" rel=\"noopener noreferrer\">Saba<\/a><\/li>\n<li>Junta de Turismo de <a href=\"https:\/\/www.statiatourism.com\/\" target=\"_blank\" rel=\"noopener noreferrer\">Sint Eustatius<\/a><\/li>\n<li>Junta de Turismo de <a href=\"https:\/\/www.saintbarth-tourisme.com\/\" target=\"_blank\" rel=\"noopener noreferrer\">St. Barths<\/a><\/li>\n<li>Junta de Turismo de <a href=\"https:\/\/www.stkittstourism.kn\/\" target=\"_blank\" rel=\"noopener noreferrer\">St. Kitts &#038; Nevis<\/a><\/li>\n<li>Junta de Turismo de <a href=\"https:\/\/stlucianow.com\/\" target=\"_blank\" rel=\"noopener noreferrer\">St. Lucia<\/a><\/li>\n<li>Junta de Turismo de <a href=\"https:\/\/www.stmartinisland.org\/\" target=\"_blank\" rel=\"noopener noreferrer\">St. Martin<\/a><\/li>\n<li>Junta de Turismo de <a href=\"https:\/\/www.discoversvg.com\/\" target=\"_blank\" rel=\"noopener noreferrer\">St. Vincent &#038; the Grenadines<\/a><\/li>\n<li>Junta de Turismo de <a href=\"https:\/\/gotrinidadandtobago.com\/\" target=\"_blank\" rel=\"noopener noreferrer\">Trinidad &#038; Tobago<\/a><\/li>\n<li>Junta de Turismo de <a href=\"https:\/\/www.turksandcaicostourism.com\/\" target=\"_blank\" rel=\"noopener noreferrer\">Turks &#038; Caicos<\/a><\/li>\n<li>Junta de Turismo de <a href=\"https:\/\/www.visitusvi.com\/\" target=\"_blank\" rel=\"noopener noreferrer\">USVI<\/a><\/li>\n<\/ul>\n","protected":false},"excerpt":{"rendered":"<p>Passage Weather PassageWeather es una plataforma de pron\u00f3stico meteorol\u00f3gico especializada que proporciona pron\u00f3sticos meteorol\u00f3gicos, de viento y de olas de 7 d\u00edas para ayudar a los navegantes con la planificaci\u00f3n de viajes y rutas meteorol\u00f3gicas. Los datos meteorol\u00f3gicos utilizados para producir los gr\u00e1ficos de pron\u00f3stico del tiempo provienen de fuentes confiables y confiables, como el [&hellip;]<\/p>\n","protected":false},"author":1,"featured_media":0,"parent":0,"menu_order":0,"comment_status":"closed","ping_status":"closed","template":"","meta":{"_et_pb_use_builder":"","_et_pb_old_content":"","_et_gb_content_width":"","footnotes":""},"class_list":["post-4009","page","type-page","status-publish","hentry"],"_links":{"self":[{"href":"https:\/\/www.caribbeanislands.com\/es\/wp-json\/wp\/v2\/pages\/4009","targetHints":{"allow":["GET"]}}],"collection":[{"href":"https:\/\/www.caribbeanislands.com\/es\/wp-json\/wp\/v2\/pages"}],"about":[{"href":"https:\/\/www.caribbeanislands.com\/es\/wp-json\/wp\/v2\/types\/page"}],"author":[{"embeddable":true,"href":"https:\/\/www.caribbeanislands.com\/es\/wp-json\/wp\/v2\/users\/1"}],"replies":[{"embeddable":true,"href":"https:\/\/www.caribbeanislands.com\/es\/wp-json\/wp\/v2\/comments?post=4009"}],"version-history":[{"count":1,"href":"https:\/\/www.caribbeanislands.com\/es\/wp-json\/wp\/v2\/pages\/4009\/revisions"}],"predecessor-version":[{"id":4018,"href":"https:\/\/www.caribbeanislands.com\/es\/wp-json\/wp\/v2\/pages\/4009\/revisions\/4018"}],"wp:attachment":[{"href":"https:\/\/www.caribbeanislands.com\/es\/wp-json\/wp\/v2\/media?parent=4009"}],"curies":[{"name":"wp","href":"https:\/\/api.w.org\/{rel}","templated":true}]}}