{"id":4043,"date":"2023-02-17T17:23:03","date_gmt":"2023-02-17T17:23:03","guid":{"rendered":"https:\/\/caribbeanislands.com\/caribe\/"},"modified":"2023-03-16T13:21:21","modified_gmt":"2023-03-16T13:21:21","slug":"caribe","status":"publish","type":"page","link":"https:\/\/www.caribbeanislands.com\/es\/","title":{"rendered":"Caribe"},"content":{"rendered":"<p>[et_pb_section fb_built=\u00bb1&#8243; _builder_version=\u00bb4.16&#8243; custom_padding=\u00bb||0px|||\u00bb global_colors_info=\u00bb{}\u00bb][et_pb_row admin_label=\u00bbRow\u00bb _builder_version=\u00bb4.16&#8243; custom_padding=\u00bb24px|||||\u00bb global_colors_info=\u00bb{}\u00bb][et_pb_column type=\u00bb4_4&#8243; _builder_version=\u00bb4.16&#8243; global_colors_info=\u00bb{}\u00bb][et_pb_text _builder_version=\u00bb4.19.5&#8243; header_text_color=\u00bb#337ab7&#8243; min_height=\u00bb196px\u00bb custom_margin=\u00bb-29px|||||\u00bb global_colors_info=\u00bb{}\u00bb]<\/p>\n<h1>Las Islas del Caribe<\/h1>\n<p>Las\u00a0<strong>Islas del Caribe<\/strong>\u00a0es un enorme archipi\u00e9lago ubicado en el Mar Caribe, que se puede subdividir en algunas regiones diferentes: el Archipi\u00e9lago de Lucayan, las Antillas Mayores, las Antillas Menores y las Islas ABC. Hay 13 estados soberanos y 17 territorios dependientes en el Caribe, y los idiomas predominantes son ingl\u00e9s, espa\u00f1ol, franc\u00e9s, holand\u00e9s y criollo antillano. El Caribe se extiende a lo largo de m\u00e1s de 1,06 millones de millas cuadradas y se encuentra principalmente entre Am\u00e9rica del Norte y Am\u00e9rica del Sur.<\/p>\n<p>[\/et_pb_text][et_pb_text _builder_version=\u00bb4.16&#8243; header_2_text_color=\u00bb#24b6ff\u00bb background_color=\u00bb#f7f4f4&#8243; custom_margin=\u00bb||||false|false\u00bb custom_padding=\u00bb10px||10px|10px|false|false\u00bb global_colors_info=\u00bb{}\u00bb]<\/p>\n<h2>Grandes Antillas<\/h2>\n<p>La regi\u00f3n m\u00e1s visitada del Caribe<\/p>\n<p>[\/et_pb_text][\/et_pb_column][\/et_pb_row][\/et_pb_section][et_pb_section fb_built=\u00bb1&#8243; _builder_version=\u00bb4.20.0&#8243; custom_padding=\u00bb0px|0px|0px|0px|false|false\u00bb global_colors_info=\u00bb{}\u00bb][et_pb_row _builder_version=\u00bb4.20.0&#8243; width=\u00bb98%\u00bb custom_margin=\u00bb0px|auto||auto|false|false\u00bb custom_padding=\u00bb0px|0px|0px|0px|false|false\u00bb border_width_right=\u00bb0px\u00bb border_width_left=\u00bb0px\u00bb global_colors_info=\u00bb{}\u00bb][et_pb_column type=\u00bb4_4&#8243; _builder_version=\u00bb4.16&#8243; global_colors_info=\u00bb{}\u00bb][et_pb_blog fullwidth=\u00bboff\u00bb include_categories=\u00bb3&#8243; excerpt_length=\u00bb0&#8243; show_author=\u00bboff\u00bb show_date=\u00bboff\u00bb show_categories=\u00bboff\u00bb _builder_version=\u00bb4.20.2&#8243; header_level=\u00bbh3&#8243; text_orientation=\u00bbleft\u00bb hover_enabled=\u00bb0&#8243; global_colors_info=\u00bb{}\u00bb module_class=\u00bbtwo-col-mob  two-col-tab\u00bb sticky_enabled=\u00bb0&#8243;][\/et_pb_blog][et_pb_text _builder_version=\u00bb4.16&#8243; header_2_text_color=\u00bb#24b6ff\u00bb background_color=\u00bb#f7f4f4&#8243; custom_margin=\u00bb||||false|false\u00bb custom_padding=\u00bb10px||10px|10px|false|false\u00bb global_colors_info=\u00bb{}\u00bb]<\/p>\n<h2>Las Antillas Menores<\/h2>\n<p>forman la frontera entre el Mar Caribe y el Atl\u00e1ntico Norte, formado por las islas <strong>Sotavento<\/strong>, islas <strong>Barlovento<\/strong> y islas <strong>ABC<\/strong><\/p>\n<p>[\/et_pb_text][et_pb_text _builder_version=\u00bb4.16&#8243; header_text_color=\u00bb#337ab7&#8243; global_colors_info=\u00bb{}\u00bb]<\/p>\n<p>La mayor\u00eda de las islas de las\u00a0<strong>Antillas Menores<\/strong>\u00a0forman la frontera entre el Mar Caribe y el Atl\u00e1ntico Norte. Est\u00e1n ubicados en la parte norte de las Indias Occidentales. Las islas aqu\u00ed se dividen en tres regiones:\u00a0<strong>las Islas de Sotavento, las Islas de Barlovento, las Islas ABC<\/strong><\/p>\n<p>[\/et_pb_text][et_pb_text _builder_version=\u00bb4.16&#8243; header_2_text_color=\u00bb#24b6ff\u00bb background_color=\u00bb#f7f4f4&#8243; custom_margin=\u00bb||||false|false\u00bb custom_padding=\u00bb10px||10px|10px|false|false\u00bb global_colors_info=\u00bb{}\u00bb]<\/p>\n<h2>Islas de Sotavento<\/h2>\n<p>las islas del norte de la cadena de las Antillas Menores<\/p>\n<p>[\/et_pb_text][et_pb_blog fullwidth=\u00bboff\u00bb posts_number=\u00bb20&#8243; include_categories=\u00bb5&#8243; excerpt_length=\u00bb0&#8243; show_author=\u00bboff\u00bb show_date=\u00bboff\u00bb show_categories=\u00bboff\u00bb _builder_version=\u00bb4.20.0&#8243; header_level=\u00bbh3&#8243; global_colors_info=\u00bb{}\u00bb][\/et_pb_blog][et_pb_text _builder_version=\u00bb4.16&#8243; header_2_text_color=\u00bb#24b6ff\u00bb background_color=\u00bb#f7f4f4&#8243; custom_margin=\u00bb||||false|false\u00bb custom_padding=\u00bb10px||10px|10px|false|false\u00bb global_colors_info=\u00bb{}\u00bb]<\/p>\n<h2> Islas de Barlovento<\/h2>\n<p>Caribe Sur<\/p>\n<p>[\/et_pb_text][et_pb_blog fullwidth=\u00bboff\u00bb posts_number=\u00bb7&#8243; include_categories=\u00bb6&#8243; excerpt_length=\u00bb0&#8243; show_author=\u00bboff\u00bb show_date=\u00bboff\u00bb show_categories=\u00bboff\u00bb _builder_version=\u00bb4.20.0&#8243; header_level=\u00bbh3&#8243; global_colors_info=\u00bb{}\u00bb][\/et_pb_blog][et_pb_text _builder_version=\u00bb4.16&#8243; header_2_text_color=\u00bb#24b6ff\u00bb background_color=\u00bb#f7f4f4&#8243; custom_margin=\u00bb||||false|false\u00bb custom_padding=\u00bb10px||10px|10px|false|false\u00bb global_colors_info=\u00bb{}\u00bb]<\/p>\n<h2>Islas ABC<\/h2>\n<p>las tres islas m\u00e1s occidentales de las Antillas de Sotavento en el Mar Caribe<\/p>\n<p>[\/et_pb_text][et_pb_blog fullwidth=\u00bboff\u00bb posts_number=\u00bb20&#8243; include_categories=\u00bb7&#8243; excerpt_length=\u00bb0&#8243; show_author=\u00bboff\u00bb show_date=\u00bboff\u00bb show_categories=\u00bboff\u00bb _builder_version=\u00bb4.20.0&#8243; header_level=\u00bbh3&#8243; global_colors_info=\u00bb{}\u00bb][\/et_pb_blog][et_pb_text _builder_version=\u00bb4.16&#8243; header_2_text_color=\u00bb#24b6ff\u00bb background_color=\u00bb#f7f4f4&#8243; custom_margin=\u00bb||||false|false\u00bb custom_padding=\u00bb10px||10px|10px|false|false\u00bb global_colors_info=\u00bb{}\u00bb]<\/p>\n<h2>Archipi\u00e9lago de Lucaya<\/h2>\n<p>Su proximidad a los EE. UU. lo convierte en un destino vacacional muy popular<\/p>\n<p>[\/et_pb_text][\/et_pb_column][\/et_pb_row][et_pb_row _builder_version=\u00bb4.20.0&#8243; custom_padding=\u00bb||0px||false|false\u00bb global_colors_info=\u00bb{}\u00bb][et_pb_column type=\u00bb4_4&#8243; _builder_version=\u00bb4.16&#8243; global_colors_info=\u00bb{}\u00bb][et_pb_blog fullwidth=\u00bboff\u00bb posts_number=\u00bb50&#8243; include_categories=\u00bb8&#8243; excerpt_length=\u00bb0&#8243; show_author=\u00bboff\u00bb show_date=\u00bboff\u00bb show_categories=\u00bboff\u00bb _builder_version=\u00bb4.20.0&#8243; global_colors_info=\u00bb{}\u00bb][\/et_pb_blog][\/et_pb_column][\/et_pb_row][\/et_pb_section][et_pb_section fb_built=\u00bb1&#8243; _builder_version=\u00bb4.20.0&#8243; custom_padding=\u00bb||0px||false|false\u00bb global_colors_info=\u00bb{}\u00bb][et_pb_row _builder_version=\u00bb4.16&#8243; global_colors_info=\u00bb{}\u00bb][et_pb_column type=\u00bb4_4&#8243; _builder_version=\u00bb4.16&#8243; global_colors_info=\u00bb{}\u00bb][et_pb_blog posts_number=\u00bb20&#8243; include_categories=\u00bb10&#8243; show_thumbnail=\u00bboff\u00bb show_content=\u00bbon\u00bb show_author=\u00bboff\u00bb show_date=\u00bboff\u00bb show_categories=\u00bboff\u00bb _builder_version=\u00bb4.16&#8243; custom_margin=\u00bb-30px|||||\u00bb global_colors_info=\u00bb{}\u00bb][\/et_pb_blog][\/et_pb_column][\/et_pb_row][\/et_pb_section]<\/p>\n","protected":false},"excerpt":{"rendered":"<p>Las Islas del Caribe Las\u00a0Islas del Caribe\u00a0es un enorme archipi\u00e9lago ubicado en el Mar Caribe, que se puede subdividir en algunas regiones diferentes: el Archipi\u00e9lago de Lucayan, las Antillas Mayores, las Antillas Menores y las Islas ABC. Hay 13 estados soberanos y 17 territorios dependientes en el Caribe, y los idiomas predominantes son ingl\u00e9s, espa\u00f1ol, [&hellip;]<\/p>\n","protected":false},"author":1,"featured_media":0,"parent":0,"menu_order":0,"comment_status":"closed","ping_status":"closed","template":"","meta":{"_et_pb_use_builder":"on","_et_pb_old_content":"","_et_gb_content_width":"","footnotes":""},"class_list":["post-4043","page","type-page","status-publish","hentry"],"_links":{"self":[{"href":"https:\/\/www.caribbeanislands.com\/es\/wp-json\/wp\/v2\/pages\/4043","targetHints":{"allow":["GET"]}}],"collection":[{"href":"https:\/\/www.caribbeanislands.com\/es\/wp-json\/wp\/v2\/pages"}],"about":[{"href":"https:\/\/www.caribbeanislands.com\/es\/wp-json\/wp\/v2\/types\/page"}],"author":[{"embeddable":true,"href":"https:\/\/www.caribbeanislands.com\/es\/wp-json\/wp\/v2\/users\/1"}],"replies":[{"embeddable":true,"href":"https:\/\/www.caribbeanislands.com\/es\/wp-json\/wp\/v2\/comments?post=4043"}],"version-history":[{"count":5,"href":"https:\/\/www.caribbeanislands.com\/es\/wp-json\/wp\/v2\/pages\/4043\/revisions"}],"predecessor-version":[{"id":5648,"href":"https:\/\/www.caribbeanislands.com\/es\/wp-json\/wp\/v2\/pages\/4043\/revisions\/5648"}],"wp:attachment":[{"href":"https:\/\/www.caribbeanislands.com\/es\/wp-json\/wp\/v2\/media?parent=4043"}],"curies":[{"name":"wp","href":"https:\/\/api.w.org\/{rel}","templated":true}]}}