{"id":4052,"date":"2020-04-19T12:38:49","date_gmt":"2020-04-19T12:38:49","guid":{"rendered":"https:\/\/caribbeanislands.com\/destinos\/"},"modified":"2023-03-16T19:17:18","modified_gmt":"2023-03-16T19:17:18","slug":"destinos","status":"publish","type":"page","link":"https:\/\/www.caribbeanislands.com\/es\/destinos\/","title":{"rendered":"Destinos"},"content":{"rendered":"<p>[et_pb_section fb_built=\u00bb1&#8243; _builder_version=\u00bb4.20.2&#8243; custom_margin=\u00bb||||false|false\u00bb custom_padding=\u00bb||||false|false\u00bb global_colors_info=\u00bb{}\u00bb][et_pb_row _builder_version=\u00bb4.20.2&#8243; custom_margin=\u00bb0px||||false|false\u00bb custom_padding=\u00bb0px||||false|false\u00bb hover_enabled=\u00bb0&#8243; global_colors_info=\u00bb{}\u00bb sticky_enabled=\u00bb0&#8243;][et_pb_column type=\u00bb4_4&#8243; _builder_version=\u00bb4.16&#8243; global_colors_info=\u00bb{}\u00bb][et_pb_text _builder_version=\u00bb4.20.2&#8243; _module_preset=\u00bbdefault\u00bb global_colors_info=\u00bb{}\u00bb]<\/p>\n<h1>Destinos del Caribe<\/h1>\n<p>[\/et_pb_text][et_pb_text _builder_version=\u00bb4.20.2&#8243; _module_preset=\u00bbdefault\u00bb global_colors_info=\u00bb{}\u00bb]<\/p>\n<p>Las islas del Caribe se enumeran a continuaci\u00f3n en orden aleatorio&#8230; en nuestra p\u00e1gina de inicio puede ver la estructura de pa\u00edses y dependencias en las <a title=\"Islas del Caribe\" href=\"https:\/\/www.caribbeanislands.com\/es\/\"> Islas del Caribe<\/a> en cada archipi\u00e9lago del Mar Caribe.<\/p>\n<p>[\/et_pb_text][et_pb_blog fullwidth=\u00bboff\u00bb posts_number=\u00bb33&#8243; include_categories=\u00bb6,8,4,5,3,7&#8243; excerpt_length=\u00bb300&#8243; show_more=\u00bbon\u00bb show_author=\u00bboff\u00bb show_date=\u00bboff\u00bb show_categories=\u00bboff\u00bb _builder_version=\u00bb4.19.5&#8243; global_colors_info=\u00bb{}\u00bb][\/et_pb_blog][\/et_pb_column][\/et_pb_row][\/et_pb_section]<\/p>\n","protected":false},"excerpt":{"rendered":"<p>Destinos del CaribeLas islas del Caribe se enumeran a continuaci\u00f3n en orden aleatorio&#8230; en nuestra p\u00e1gina de inicio puede ver la estructura de pa\u00edses y dependencias en las Islas del Caribe en cada archipi\u00e9lago del Mar Caribe.<\/p>\n","protected":false},"author":1,"featured_media":0,"parent":0,"menu_order":0,"comment_status":"closed","ping_status":"closed","template":"","meta":{"_et_pb_use_builder":"on","_et_pb_old_content":"","_et_gb_content_width":"","footnotes":""},"class_list":["post-4052","page","type-page","status-publish","hentry"],"_links":{"self":[{"href":"https:\/\/www.caribbeanislands.com\/es\/wp-json\/wp\/v2\/pages\/4052","targetHints":{"allow":["GET"]}}],"collection":[{"href":"https:\/\/www.caribbeanislands.com\/es\/wp-json\/wp\/v2\/pages"}],"about":[{"href":"https:\/\/www.caribbeanislands.com\/es\/wp-json\/wp\/v2\/types\/page"}],"author":[{"embeddable":true,"href":"https:\/\/www.caribbeanislands.com\/es\/wp-json\/wp\/v2\/users\/1"}],"replies":[{"embeddable":true,"href":"https:\/\/www.caribbeanislands.com\/es\/wp-json\/wp\/v2\/comments?post=4052"}],"version-history":[{"count":5,"href":"https:\/\/www.caribbeanislands.com\/es\/wp-json\/wp\/v2\/pages\/4052\/revisions"}],"predecessor-version":[{"id":5738,"href":"https:\/\/www.caribbeanislands.com\/es\/wp-json\/wp\/v2\/pages\/4052\/revisions\/5738"}],"wp:attachment":[{"href":"https:\/\/www.caribbeanislands.com\/es\/wp-json\/wp\/v2\/media?parent=4052"}],"curies":[{"name":"wp","href":"https:\/\/api.w.org\/{rel}","templated":true}]}}