{"id":5067,"date":"2023-03-08T17:47:57","date_gmt":"2023-03-08T17:47:57","guid":{"rendered":"https:\/\/caribbeanislands.com\/islas-de-sotavento\/"},"modified":"2023-03-08T17:47:58","modified_gmt":"2023-03-08T17:47:58","slug":"islas-de-sotavento","status":"publish","type":"page","link":"https:\/\/www.caribbeanislands.com\/es\/islas-de-sotavento\/","title":{"rendered":"Islas de Sotavento"},"content":{"rendered":"<p>[et_pb_section fb_built=\u00bb1&#8243; admin_label=\u00bbsection\u00bb _builder_version=\u00bb4.16&#8243; global_colors_info=\u00bb{}\u00bb][et_pb_row admin_label=\u00bbrow\u00bb _builder_version=\u00bb4.20.1&#8243; background_size=\u00bbinitial\u00bb background_position=\u00bbtop_left\u00bb background_repeat=\u00bbrepeat\u00bb hover_enabled=\u00bb0&#8243; global_colors_info=\u00bb{}\u00bb column_structure=\u00bb1_4,3_4&#8243; sticky_enabled=\u00bb0&#8243;][et_pb_column type=\u00bb1_4&#8243; _builder_version=\u00bb4.16&#8243; custom_padding=\u00bb|||\u00bb global_colors_info=\u00bb{}\u00bb custom_padding__hover=\u00bb|||\u00bb][et_pb_sidebar _builder_version=\u00bb4.20.1&#8243; _module_preset=\u00bbdefault\u00bb hover_enabled=\u00bb0&#8243; sticky_enabled=\u00bb0&#8243;][\/et_pb_sidebar][\/et_pb_column][et_pb_column type=\u00bb3_4&#8243; _builder_version=\u00bb4.16&#8243; custom_padding=\u00bb|||\u00bb global_colors_info=\u00bb{}\u00bb custom_padding__hover=\u00bb|||\u00bb][et_pb_text admin_label=\u00bbText\u00bb _builder_version=\u00bb4.20.1&#8243; background_size=\u00bbinitial\u00bb background_position=\u00bbtop_left\u00bb background_repeat=\u00bbrepeat\u00bb hover_enabled=\u00bb0&#8243; global_colors_info=\u00bb{}\u00bb sticky_enabled=\u00bb0&#8243;]<\/p>\n<h1>Islas de Sotavento<\/h1>\n<p>Las Islas de Sotavento est\u00e1n ubicadas en la parte oriental del Mar Caribe e incluyen islas como Antigua y Barbuda, San Crist\u00f3bal y Nieves, Anguila y las Islas V\u00edrgenes Brit\u00e1nicas.[\/et_pb_text][et_pb_blog _builder_version=\u00bb4.20.1&#8243; _module_preset=\u00bbdefault\u00bb fullwidth=\u00bboff\u00bb include_categories=\u00bb5&#8243; show_author=\u00bboff\u00bb show_date=\u00bboff\u00bb hover_enabled=\u00bb0&#8243; sticky_enabled=\u00bb0&#8243; posts_number=\u00bb30&#8243;][\/et_pb_blog][\/et_pb_column][\/et_pb_row][\/et_pb_section]<\/p>\n","protected":false},"excerpt":{"rendered":"<p>Islas de Sotavento Las Islas de Sotavento est\u00e1n ubicadas en la parte oriental del Mar Caribe e incluyen islas como Antigua y Barbuda, San Crist\u00f3bal y Nieves, Anguila y las Islas V\u00edrgenes Brit\u00e1nicas.<\/p>\n","protected":false},"author":1,"featured_media":0,"parent":0,"menu_order":0,"comment_status":"closed","ping_status":"closed","template":"","meta":{"_et_pb_use_builder":"on","_et_pb_old_content":"","_et_gb_content_width":"","footnotes":""},"class_list":["post-5067","page","type-page","status-publish","hentry"],"_links":{"self":[{"href":"https:\/\/www.caribbeanislands.com\/es\/wp-json\/wp\/v2\/pages\/5067","targetHints":{"allow":["GET"]}}],"collection":[{"href":"https:\/\/www.caribbeanislands.com\/es\/wp-json\/wp\/v2\/pages"}],"about":[{"href":"https:\/\/www.caribbeanislands.com\/es\/wp-json\/wp\/v2\/types\/page"}],"author":[{"embeddable":true,"href":"https:\/\/www.caribbeanislands.com\/es\/wp-json\/wp\/v2\/users\/1"}],"replies":[{"embeddable":true,"href":"https:\/\/www.caribbeanislands.com\/es\/wp-json\/wp\/v2\/comments?post=5067"}],"version-history":[{"count":2,"href":"https:\/\/www.caribbeanislands.com\/es\/wp-json\/wp\/v2\/pages\/5067\/revisions"}],"predecessor-version":[{"id":5069,"href":"https:\/\/www.caribbeanislands.com\/es\/wp-json\/wp\/v2\/pages\/5067\/revisions\/5069"}],"wp:attachment":[{"href":"https:\/\/www.caribbeanislands.com\/es\/wp-json\/wp\/v2\/media?parent=5067"}],"curies":[{"name":"wp","href":"https:\/\/api.w.org\/{rel}","templated":true}]}}