{"id":3996,"date":"2023-02-17T10:29:33","date_gmt":"2023-02-17T10:29:33","guid":{"rendered":"https:\/\/caribbeanislands.com\/?page_id=3996"},"modified":"2023-02-17T12:30:42","modified_gmt":"2023-02-17T12:30:42","slug":"signets","status":"publish","type":"page","link":"https:\/\/www.caribbeanislands.com\/fr\/signets\/","title":{"rendered":"Signets"},"content":{"rendered":"<p>Signet<\/p>\n<ul>\n<li>\n        <a href=\"https:\/\/www.passageweather.com\/\" target=\"_blank\" title=\"Passage Weather\" alt=\"Passage Weather\" rel=\"noopener noreferrer\">Passage Weather<\/a> PassageWeather est une plate-forme de pr\u00e9visions m\u00e9t\u00e9orologiques sp\u00e9cialis\u00e9e qui fournit des pr\u00e9visions m\u00e9t\u00e9orologiques, de vent et de vagues sur 7 jours pour aider les plaisanciers \u00e0 planifier leur voyage et \u00e0 suivre la m\u00e9t\u00e9o. Les donn\u00e9es m\u00e9t\u00e9orologiques utilis\u00e9es pour produire les cartes de pr\u00e9visions m\u00e9t\u00e9orologiques proviennent de sources fiables et fiables, telles que le National Weather Service (NWS) des \u00c9tats-Unis, la National Oceanic and Atmospheric Administration (NOAA), les National Centers for Environmental Prediction (NCEP), le Marine Division de m\u00e9t\u00e9orologie du US Naval Research Laboratory (NRL), Frivind AS et du Centre oc\u00e9anographique de Chypre.\n    <\/li>\n<li><a href=\"https:\/\/www.windyty.com\/?18.573,-71.389,6\" alt=\"Windyty \" title=\"Windyty\" target=\"_blank\" rel=\"noopener noreferrer\">Windyty <\/a> Windyty est une carte des vents et des pr\u00e9visions m\u00e9t\u00e9orologiques pour les plaisanciers et les plaisanciers, les kiters, les surfeurs, les pilotes, les marins et toute autre personne int\u00e9ress\u00e9e par les pr\u00e9visions m\u00e9t\u00e9orologiques. Carte m\u00e9t\u00e9orologique mondiale anim\u00e9e, avec des superpositions faciles \u00e0 utiliser et des pr\u00e9visions ponctuelles pr\u00e9cises. METAR, TAF et NOTAM pour n&rsquo;importe quel a\u00e9roport dans le monde.\n<li><a href=\"https:\/\/www.nhc.noaa.gov\/\" alt=\"NOAA\" title=\"NOAA\" target=\"_blank\" rel=\"noopener noreferrer\">NOAA<\/a> &#8211; Ocean Prediction Center &#8211; Produit des avertissements, des pr\u00e9visions et des conseils m\u00e9t\u00e9orologiques maritimes sous forme de texte et de graphiques pour les utilisateurs maritimes dans les eaux de l&rsquo;Atlantique Nord et du Pacifique. L&rsquo;OPC surveille et analyse en permanence les donn\u00e9es marines et fournit des conseils sur les variables atmosph\u00e9riques marines afin de prot\u00e9ger la vie et les biens, la s\u00e9curit\u00e9 en mer et d&rsquo;am\u00e9liorer les opportunit\u00e9s \u00e9conomiques.\n    <\/li>\n<\/ul>\n<ul>\n<li>Office du tourisme d&rsquo; <a href=\"https:\/\/ivisitanguilla.com\/\" target=\"_blank\" rel=\"noopener noreferrer\">               Anguilla   <\/a><\/li>\n<li>Office de tourisme d&rsquo; <a href=\"https:\/\/www.antigua-barbuda.org\/\" target=\"_blank\" rel=\"noopener noreferrer\">          Antigua-et-Barbuda   <\/a><\/li>\n<li>Office du tourisme des<a href=\"https:\/\/www.bahamas.com\/\" target=\"_blank\" rel=\"noopener noreferrer\">                  Bahamas   <\/a><\/li>\n<li>Office du tourisme de <a href=\"https:\/\/www.visitbarbados.org\/\" target=\"_blank\" rel=\"noopener noreferrer\">            la    Barbade   <\/a><\/li>\n<li>Office du tourisme de <a href=\"https:\/\/www.tourismbonaire.com\/en\/\" target=\"_blank\" rel=\"noopener noreferrer\">        Bonaire   <\/a><\/li>\n<li>Office du tourisme des<a href=\"https:\/\/www.bvitourism.com\/\" target=\"_blank\" rel=\"noopener noreferrer\">               \u00eeles Vierges britanniques   <\/a><\/li>\n<li>Office du tourisme de <a href=\"https:\/\/www.curacao.com\/\" target=\"_blank\" rel=\"noopener noreferrer\">                  Cura\u00e7ao   <\/a><\/li>\n<li>Office du tourisme de <a href=\"https:\/\/www.discoverdominica.com\/\" target=\"_blank\" rel=\"noopener noreferrer\">         la Dominique   <\/a><\/li>\n<li>Office du tourisme de <a href=\"https:\/\/www.grenadagrenadines.com\/\" target=\"_blank\" rel=\"noopener noreferrer\">        la Grenade   <\/a><\/li>\n<li>Office de Tourisme    <a href=\"https:\/\/www.myguadeloupeislands.com\/\" target=\"_blank\" rel=\"noopener noreferrer\">      Guadeloupe   <\/a><\/li>\n<li>Office de Tourisme de <a href=\"https:\/\/www.guyana-tourism.com\/\" target=\"_blank\" rel=\"noopener noreferrer\">           Guyane   <\/a><\/li>\n<li>Office de Tourisme de <a href=\"https:\/\/www.martinique.org\/\" target=\"_blank\" rel=\"noopener noreferrer\">               la Martinique   <\/a><\/li>\n<li>Office du tourisme de <a href=\"https:\/\/www.visitmontserrat.com\/\" target=\"_blank\" rel=\"noopener noreferrer\">          Montserrat   <\/a><\/li>\n<li>Office du tourisme de <a href=\"https:\/\/site.seepuertorico.com\/\" target=\"_blank\" rel=\"noopener noreferrer\">           Porto Rico   <\/a><\/li>\n<li>Office du tourisme de <a href=\"https:\/\/www.sabatourism.com\/\" target=\"_blank\" rel=\"noopener noreferrer\">              Saba   <\/a><\/li>\n<li>Office du tourisme de <a href=\"https:\/\/www.statiatourism.com\/\" target=\"_blank\" rel=\"noopener noreferrer\">            Saint-Eustache   <\/a><\/li>\n<li>Office du tourisme de <a href=\"https:\/\/www.saintbarth-tourisme.com\/\" target=\"_blank\" rel=\"noopener noreferrer\">      Saint-Barth   <\/a><\/li>\n<li>Office du tourisme de <a href=\"https:\/\/www.stkittstourism.kn\/\" target=\"_blank\" rel=\"noopener noreferrer\">            Saint-Kitts-et-Nevis   <\/a><\/li>\n<li>Office du tourisme de <a href=\"https:\/\/stlucianow.com\/\" target=\"_blank\" rel=\"noopener noreferrer\">                   Sainte-Lucie   <\/a><\/li>\n<li>Office du tourisme de <a href=\"https:\/\/www.stmartinisland.org\/\" target=\"_blank\" rel=\"noopener noreferrer\">           San Mart\u00edn   <\/a><\/li>\n<li>Office du tourisme de <a href=\"https:\/\/www.discoversvg.com\/\" target=\"_blank\" rel=\"noopener noreferrer\">              Saint-Vincent-et-les Grenadines   <\/a><\/li>\n<li>Office du tourisme de <a href=\"https:\/\/gotrinidadandtobago.com\/\" target=\"_blank\" rel=\"noopener noreferrer\">          Trinit\u00e9-et-Tobago   <\/a><\/li>\n<li>Office du tourisme des<a href=\"https:\/\/www.turksandcaicostourism.com\/\" target=\"_blank\" rel=\"noopener noreferrer\">    \u00eeles Turques et Ca\u00efques   <\/a><\/li>\n<li>Office du tourisme des<a href=\"https:\/\/www.visitusvi.com\/\" target=\"_blank\" rel=\"noopener noreferrer\">                \u00eeles Vierges am\u00e9ricaines   <\/a><\/li>\n<\/ul>\n","protected":false},"excerpt":{"rendered":"<p>Signet Passage Weather PassageWeather est une plate-forme de pr\u00e9visions m\u00e9t\u00e9orologiques sp\u00e9cialis\u00e9e qui fournit des pr\u00e9visions m\u00e9t\u00e9orologiques, de vent et de vagues sur 7 jours pour aider les plaisanciers \u00e0 planifier leur voyage et \u00e0 suivre la m\u00e9t\u00e9o. Les donn\u00e9es m\u00e9t\u00e9orologiques utilis\u00e9es pour produire les cartes de pr\u00e9visions m\u00e9t\u00e9orologiques proviennent de sources fiables et fiables, telles [&hellip;]<\/p>\n","protected":false},"author":1,"featured_media":0,"parent":0,"menu_order":0,"comment_status":"closed","ping_status":"closed","template":"","meta":{"_et_pb_use_builder":"","_et_pb_old_content":"","_et_gb_content_width":"","footnotes":""},"class_list":["post-3996","page","type-page","status-publish","hentry"],"_links":{"self":[{"href":"https:\/\/www.caribbeanislands.com\/fr\/wp-json\/wp\/v2\/pages\/3996","targetHints":{"allow":["GET"]}}],"collection":[{"href":"https:\/\/www.caribbeanislands.com\/fr\/wp-json\/wp\/v2\/pages"}],"about":[{"href":"https:\/\/www.caribbeanislands.com\/fr\/wp-json\/wp\/v2\/types\/page"}],"author":[{"embeddable":true,"href":"https:\/\/www.caribbeanislands.com\/fr\/wp-json\/wp\/v2\/users\/1"}],"replies":[{"embeddable":true,"href":"https:\/\/www.caribbeanislands.com\/fr\/wp-json\/wp\/v2\/comments?post=3996"}],"version-history":[{"count":3,"href":"https:\/\/www.caribbeanislands.com\/fr\/wp-json\/wp\/v2\/pages\/3996\/revisions"}],"predecessor-version":[{"id":4011,"href":"https:\/\/www.caribbeanislands.com\/fr\/wp-json\/wp\/v2\/pages\/3996\/revisions\/4011"}],"wp:attachment":[{"href":"https:\/\/www.caribbeanislands.com\/fr\/wp-json\/wp\/v2\/media?parent=3996"}],"curies":[{"name":"wp","href":"https:\/\/api.w.org\/{rel}","templated":true}]}}