{"id":4056,"date":"2020-04-19T12:38:49","date_gmt":"2020-04-19T12:38:49","guid":{"rendered":"https:\/\/caribbeanislands.com\/destinations\/"},"modified":"2023-03-16T19:16:36","modified_gmt":"2023-03-16T19:16:36","slug":"destinations","status":"publish","type":"page","link":"https:\/\/www.caribbeanislands.com\/fr\/destinations\/","title":{"rendered":"Destinations"},"content":{"rendered":"<p>[et_pb_section fb_built=\u00a0\u00bb1&Prime; _builder_version=\u00a0\u00bb4.20.2&Prime; custom_margin=\u00a0\u00bb||||false|false\u00a0\u00bb custom_padding=\u00a0\u00bb||||false|false\u00a0\u00bb global_colors_info=\u00a0\u00bb{}\u00a0\u00bb][et_pb_row _builder_version=\u00a0\u00bb4.20.2&Prime; custom_margin=\u00a0\u00bb0px||||false|false\u00a0\u00bb custom_padding=\u00a0\u00bb0px||||false|false\u00a0\u00bb hover_enabled=\u00a0\u00bb0&Prime; global_colors_info=\u00a0\u00bb{}\u00a0\u00bb sticky_enabled=\u00a0\u00bb0&Prime;][et_pb_column type=\u00a0\u00bb4_4&Prime; _builder_version=\u00a0\u00bb4.16&Prime; global_colors_info=\u00a0\u00bb{}\u00a0\u00bb][et_pb_text _builder_version=\u00a0\u00bb4.20.2&Prime; _module_preset=\u00a0\u00bbdefault\u00a0\u00bb global_colors_info=\u00a0\u00bb{}\u00a0\u00bb]<\/p>\n<h1>Destinations Cara\u00efbes<\/h1>\n<p>[\/et_pb_text][et_pb_text _builder_version=\u00a0\u00bb4.20.2&Prime; _module_preset=\u00a0\u00bbdefault\u00a0\u00bb global_colors_info=\u00a0\u00bb{}\u00a0\u00bb]<\/p>\n<p>\u00celes des Cara\u00efbes r\u00e9pertori\u00e9es ci-dessous dans un ordre al\u00e9atoire&#8230; sur notre page d&rsquo;accueil, vous pouvez voir la structure des pays et des d\u00e9pendances sur les <a title=\"\u00celes des Cara\u00efbes\" href=\"https:\/\/www.caribbeanislands.com\/fr\/\"> \u00celes des Cara\u00efbes<\/a> dans chaque archipel de la mer des Cara\u00efbes.<\/p>\n<p>[\/et_pb_text][et_pb_blog fullwidth=\u00a0\u00bboff\u00a0\u00bb posts_number=\u00a0\u00bb33&Prime; include_categories=\u00a0\u00bb6,8,4,5,3,7&Prime; excerpt_length=\u00a0\u00bb300&Prime; show_more=\u00a0\u00bbon\u00a0\u00bb show_author=\u00a0\u00bboff\u00a0\u00bb show_date=\u00a0\u00bboff\u00a0\u00bb show_categories=\u00a0\u00bboff\u00a0\u00bb _builder_version=\u00a0\u00bb4.19.5&Prime; global_colors_info=\u00a0\u00bb{}\u00a0\u00bb][\/et_pb_blog][\/et_pb_column][\/et_pb_row][\/et_pb_section]<\/p>\n","protected":false},"excerpt":{"rendered":"<p>Destinations Cara\u00efbes\u00celes des Cara\u00efbes r\u00e9pertori\u00e9es ci-dessous dans un ordre al\u00e9atoire&#8230; sur notre page d&rsquo;accueil, vous pouvez voir la structure des pays et des d\u00e9pendances sur les \u00celes des Cara\u00efbes dans chaque archipel de la mer des Cara\u00efbes.<\/p>\n","protected":false},"author":1,"featured_media":0,"parent":0,"menu_order":0,"comment_status":"closed","ping_status":"closed","template":"","meta":{"_et_pb_use_builder":"on","_et_pb_old_content":"","_et_gb_content_width":"","footnotes":""},"class_list":["post-4056","page","type-page","status-publish","hentry"],"_links":{"self":[{"href":"https:\/\/www.caribbeanislands.com\/fr\/wp-json\/wp\/v2\/pages\/4056","targetHints":{"allow":["GET"]}}],"collection":[{"href":"https:\/\/www.caribbeanislands.com\/fr\/wp-json\/wp\/v2\/pages"}],"about":[{"href":"https:\/\/www.caribbeanislands.com\/fr\/wp-json\/wp\/v2\/types\/page"}],"author":[{"embeddable":true,"href":"https:\/\/www.caribbeanislands.com\/fr\/wp-json\/wp\/v2\/users\/1"}],"replies":[{"embeddable":true,"href":"https:\/\/www.caribbeanislands.com\/fr\/wp-json\/wp\/v2\/comments?post=4056"}],"version-history":[{"count":5,"href":"https:\/\/www.caribbeanislands.com\/fr\/wp-json\/wp\/v2\/pages\/4056\/revisions"}],"predecessor-version":[{"id":5726,"href":"https:\/\/www.caribbeanislands.com\/fr\/wp-json\/wp\/v2\/pages\/4056\/revisions\/5726"}],"wp:attachment":[{"href":"https:\/\/www.caribbeanislands.com\/fr\/wp-json\/wp\/v2\/media?parent=4056"}],"curies":[{"name":"wp","href":"https:\/\/api.w.org\/{rel}","templated":true}]}}