{"id":4035,"date":"2023-02-17T17:13:34","date_gmt":"2023-02-17T17:13:34","guid":{"rendered":"https:\/\/caribbeanislands.com\/karibien\/"},"modified":"2023-03-16T13:21:12","modified_gmt":"2023-03-16T13:21:12","slug":"karibien","status":"publish","type":"page","link":"https:\/\/www.caribbeanislands.com\/no\/","title":{"rendered":"Karibien"},"content":{"rendered":"<p>[et_pb_section fb_built=&raquo;1&#8243; _builder_version=&raquo;4.16&#8243; custom_padding=&raquo;||0px|||&raquo; global_colors_info=&raquo;{}&raquo;][et_pb_row admin_label=&raquo;Row&raquo; _builder_version=&raquo;4.16&#8243; custom_padding=&raquo;24px|||||&raquo; global_colors_info=&raquo;{}&raquo;][et_pb_column type=&raquo;4_4&#8243; _builder_version=&raquo;4.16&#8243; global_colors_info=&raquo;{}&raquo;][et_pb_text _builder_version=&raquo;4.19.5&#8243; header_text_color=&raquo;#337ab7&#8243; min_height=&raquo;196px&raquo; custom_margin=&raquo;-29px|||||&raquo; global_colors_info=&raquo;{}&raquo;]<\/p>\n<h1>De karibiske \u00f8yer<\/h1>\n<p>De\u00a0<strong>Karibiske \u00f8yer<\/strong>\u00a0er en massiv skj\u00e6rg\u00e5rd som ligger i Det karibiske hav, som kan deles inn i noen f\u00e5 forskjellige regioner: Lucayan-\u00f8ygruppen, De store Antillene, De mindre Antillene og ABC-\u00f8yene. Det er 13 suverene stater og 17 avhengige territorier i Karibia, og de dominerende spr\u00e5kene er engelsk, spansk, fransk, nederlandsk og antillisk kreolsk. Karibien strekker seg over mer enn 1,06 millioner kvadratkilometer og ligger hovedsakelig mellom Nord-Amerika og S\u00f8r-Amerika.<\/p>\n<p>[\/et_pb_text][et_pb_text _builder_version=&raquo;4.16&#8243; header_2_text_color=&raquo;#24b6ff&raquo; background_color=&raquo;#f7f4f4&#8243; custom_margin=&raquo;||||false|false&raquo; custom_padding=&raquo;10px||10px|10px|false|false&raquo; global_colors_info=&raquo;{}&raquo;]<\/p>\n<h2>De store Antillene<\/h2>\n<p>Den mest bes\u00f8kte regionen i Karibia<\/p>\n<p>[\/et_pb_text][\/et_pb_column][\/et_pb_row][\/et_pb_section][et_pb_section fb_built=&raquo;1&#8243; _builder_version=&raquo;4.20.0&#8243; custom_padding=&raquo;0px|0px|0px|0px|false|false&raquo; global_colors_info=&raquo;{}&raquo;][et_pb_row _builder_version=&raquo;4.20.0&#8243; width=&raquo;98%&raquo; custom_margin=&raquo;0px|auto||auto|false|false&raquo; custom_padding=&raquo;0px|0px|0px|0px|false|false&raquo; border_width_right=&raquo;0px&raquo; border_width_left=&raquo;0px&raquo; global_colors_info=&raquo;{}&raquo;][et_pb_column type=&raquo;4_4&#8243; _builder_version=&raquo;4.16&#8243; global_colors_info=&raquo;{}&raquo;][et_pb_blog fullwidth=&raquo;off&raquo; include_categories=&raquo;3&#8243; excerpt_length=&raquo;0&#8243; show_author=&raquo;off&raquo; show_date=&raquo;off&raquo; show_categories=&raquo;off&raquo; _builder_version=&raquo;4.20.2&#8243; header_level=&raquo;h3&#8243; text_orientation=&raquo;left&raquo; hover_enabled=&raquo;0&#8243; global_colors_info=&raquo;{}&raquo; module_class=&raquo;two-col-mob  two-col-tab&raquo; sticky_enabled=&raquo;0&#8243;][\/et_pb_blog][et_pb_text _builder_version=&raquo;4.16&#8243; header_2_text_color=&raquo;#24b6ff&raquo; background_color=&raquo;#f7f4f4&#8243; custom_margin=&raquo;||||false|false&raquo; custom_padding=&raquo;10px||10px|10px|false|false&raquo; global_colors_info=&raquo;{}&raquo;]<\/p>\n<h2>De mindre Antillene<\/h2>\n<p>danner grensen mellom Det karibiske hav og Nord-Atlanteren, som best\u00e5r av <strong>Leeward<\/strong>, <strong>Windward<\/strong> og <strong>ABC-\u00f8yene<\/strong> <\/p>\n<p>[\/et_pb_text][et_pb_text _builder_version=&raquo;4.16&#8243; header_text_color=&raquo;#337ab7&#8243; global_colors_info=&raquo;{}&raquo;]<\/p>\n<p>De fleste \u00f8yene i\u00a0<strong>De mindre Antillene<\/strong>\u00a0 danner grensen mellom Det karibiske hav og Nord-Atlanteren. De ligger i den nordlige delen av Vestindia. \u00d8yene her er videre delt inn i de tre regionene:\u00a0<strong>Leward-\u00f8yene, Windward-\u00f8yene, ABC-\u00f8yene<\/strong><\/p>\n<p>[\/et_pb_text][et_pb_text _builder_version=&raquo;4.16&#8243; header_2_text_color=&raquo;#24b6ff&raquo; background_color=&raquo;#f7f4f4&#8243; custom_margin=&raquo;||||false|false&raquo; custom_padding=&raquo;10px||10px|10px|false|false&raquo; global_colors_info=&raquo;{}&raquo;]<\/p>\n<h2>Leeward-\u00f8yene<\/h2>\n<p>de nordlige \u00f8yene i de sm\u00e5 Antillene<\/p>\n<p>[\/et_pb_text][et_pb_blog fullwidth=&raquo;off&raquo; posts_number=&raquo;20&#8243; include_categories=&raquo;5&#8243; excerpt_length=&raquo;0&#8243; show_author=&raquo;off&raquo; show_date=&raquo;off&raquo; show_categories=&raquo;off&raquo; _builder_version=&raquo;4.20.0&#8243; header_level=&raquo;h3&#8243; global_colors_info=&raquo;{}&raquo;][\/et_pb_blog][et_pb_text _builder_version=&raquo;4.16&#8243; header_2_text_color=&raquo;#24b6ff&raquo; background_color=&raquo;#f7f4f4&#8243; custom_margin=&raquo;||||false|false&raquo; custom_padding=&raquo;10px||10px|10px|false|false&raquo; global_colors_info=&raquo;{}&raquo;]<\/p>\n<h2> Windward Islands<\/h2>\n<p>S\u00f8r-Karibien<\/p>\n<p>[\/et_pb_text][et_pb_blog fullwidth=&raquo;off&raquo; posts_number=&raquo;7&#8243; include_categories=&raquo;6&#8243; excerpt_length=&raquo;0&#8243; show_author=&raquo;off&raquo; show_date=&raquo;off&raquo; show_categories=&raquo;off&raquo; _builder_version=&raquo;4.20.0&#8243; header_level=&raquo;h3&#8243; global_colors_info=&raquo;{}&raquo;][\/et_pb_blog][et_pb_text _builder_version=&raquo;4.16&#8243; header_2_text_color=&raquo;#24b6ff&raquo; background_color=&raquo;#f7f4f4&#8243; custom_margin=&raquo;||||false|false&raquo; custom_padding=&raquo;10px||10px|10px|false|false&raquo; global_colors_info=&raquo;{}&raquo;]<\/p>\n<h2>ABC-\u00f8yene<\/h2>\n<p>de tre vestligste \u00f8yene i Leeward Antillene i Det karibiske hav<\/p>\n<p>[\/et_pb_text][et_pb_blog fullwidth=&raquo;off&raquo; posts_number=&raquo;20&#8243; include_categories=&raquo;7&#8243; excerpt_length=&raquo;0&#8243; show_author=&raquo;off&raquo; show_date=&raquo;off&raquo; show_categories=&raquo;off&raquo; _builder_version=&raquo;4.20.0&#8243; header_level=&raquo;h3&#8243; global_colors_info=&raquo;{}&raquo;][\/et_pb_blog][et_pb_text _builder_version=&raquo;4.16&#8243; header_2_text_color=&raquo;#24b6ff&raquo; background_color=&raquo;#f7f4f4&#8243; custom_margin=&raquo;||||false|false&raquo; custom_padding=&raquo;10px||10px|10px|false|false&raquo; global_colors_info=&raquo;{}&raquo;]<\/p>\n<h2>Lucayan-\u00f8ygruppen<\/h2>\n<p>Dens n\u00e6rhet til USA gj\u00f8r det til et veldig popul\u00e6rt feriem\u00e5l<\/p>\n<p>[\/et_pb_text][\/et_pb_column][\/et_pb_row][et_pb_row _builder_version=&raquo;4.20.0&#8243; custom_padding=&raquo;||0px||false|false&raquo; global_colors_info=&raquo;{}&raquo;][et_pb_column type=&raquo;4_4&#8243; _builder_version=&raquo;4.16&#8243; global_colors_info=&raquo;{}&raquo;][et_pb_blog fullwidth=&raquo;off&raquo; posts_number=&raquo;50&#8243; include_categories=&raquo;8&#8243; excerpt_length=&raquo;0&#8243; show_author=&raquo;off&raquo; show_date=&raquo;off&raquo; show_categories=&raquo;off&raquo; _builder_version=&raquo;4.20.0&#8243; global_colors_info=&raquo;{}&raquo;][\/et_pb_blog][\/et_pb_column][\/et_pb_row][\/et_pb_section][et_pb_section fb_built=&raquo;1&#8243; _builder_version=&raquo;4.20.0&#8243; custom_padding=&raquo;||0px||false|false&raquo; global_colors_info=&raquo;{}&raquo;][et_pb_row _builder_version=&raquo;4.16&#8243; global_colors_info=&raquo;{}&raquo;][et_pb_column type=&raquo;4_4&#8243; _builder_version=&raquo;4.16&#8243; global_colors_info=&raquo;{}&raquo;][et_pb_blog posts_number=&raquo;20&#8243; include_categories=&raquo;10&#8243; show_thumbnail=&raquo;off&raquo; show_content=&raquo;on&raquo; show_author=&raquo;off&raquo; show_date=&raquo;off&raquo; show_categories=&raquo;off&raquo; _builder_version=&raquo;4.20.1&#8243; custom_margin=&raquo;-30px|||||&raquo; global_colors_info=&raquo;{}&raquo;][\/et_pb_blog][\/et_pb_column][\/et_pb_row][\/et_pb_section]<\/p>\n","protected":false},"excerpt":{"rendered":"<p>De karibiske \u00f8yer De\u00a0Karibiske \u00f8yer\u00a0er en massiv skj\u00e6rg\u00e5rd som ligger i Det karibiske hav, som kan deles inn i noen f\u00e5 forskjellige regioner: Lucayan-\u00f8ygruppen, De store Antillene, De mindre Antillene og ABC-\u00f8yene. Det er 13 suverene stater og 17 avhengige territorier i Karibia, og de dominerende spr\u00e5kene er engelsk, spansk, fransk, nederlandsk og antillisk kreolsk. [&hellip;]<\/p>\n","protected":false},"author":1,"featured_media":0,"parent":0,"menu_order":0,"comment_status":"closed","ping_status":"closed","template":"","meta":{"_et_pb_use_builder":"on","_et_pb_old_content":"","_et_gb_content_width":"","footnotes":""},"class_list":["post-4035","page","type-page","status-publish","hentry"],"_links":{"self":[{"href":"https:\/\/www.caribbeanislands.com\/no\/wp-json\/wp\/v2\/pages\/4035","targetHints":{"allow":["GET"]}}],"collection":[{"href":"https:\/\/www.caribbeanislands.com\/no\/wp-json\/wp\/v2\/pages"}],"about":[{"href":"https:\/\/www.caribbeanislands.com\/no\/wp-json\/wp\/v2\/types\/page"}],"author":[{"embeddable":true,"href":"https:\/\/www.caribbeanislands.com\/no\/wp-json\/wp\/v2\/users\/1"}],"replies":[{"embeddable":true,"href":"https:\/\/www.caribbeanislands.com\/no\/wp-json\/wp\/v2\/comments?post=4035"}],"version-history":[{"count":5,"href":"https:\/\/www.caribbeanislands.com\/no\/wp-json\/wp\/v2\/pages\/4035\/revisions"}],"predecessor-version":[{"id":5644,"href":"https:\/\/www.caribbeanislands.com\/no\/wp-json\/wp\/v2\/pages\/4035\/revisions\/5644"}],"wp:attachment":[{"href":"https:\/\/www.caribbeanislands.com\/no\/wp-json\/wp\/v2\/media?parent=4035"}],"curies":[{"name":"wp","href":"https:\/\/api.w.org\/{rel}","templated":true}]}}