{"id":4872,"date":"2023-03-08T15:55:04","date_gmt":"2023-03-08T15:55:04","guid":{"rendered":"https:\/\/caribbeanislands.com\/mindre-antiller\/"},"modified":"2023-03-08T16:31:25","modified_gmt":"2023-03-08T16:31:25","slug":"mindre-antiller","status":"publish","type":"page","link":"https:\/\/www.caribbeanislands.com\/no\/mindre-antiller\/","title":{"rendered":"Mindre Antiller"},"content":{"rendered":"<p>[et_pb_section fb_built=&raquo;1&#8243; _builder_version=&raquo;4.20.1&#8243; _module_preset=&raquo;default&raquo; hover_enabled=&raquo;0&#8243; global_colors_info=&raquo;{}&raquo; min_height=&raquo;4920.9px&raquo; custom_padding=&raquo;0px|0px|0px|0px|false|false&raquo; custom_margin=&raquo;||||false|false&raquo; sticky_enabled=&raquo;0&#8243;][et_pb_row column_structure=&raquo;1_4,3_4&#8243; _builder_version=&raquo;4.20.1&#8243; _module_preset=&raquo;default&raquo; global_colors_info=&raquo;{}&raquo;][et_pb_column type=&raquo;1_4&#8243; _builder_version=&raquo;4.20.1&#8243; _module_preset=&raquo;default&raquo; global_colors_info=&raquo;{}&raquo;][et_pb_sidebar _builder_version=&raquo;4.20.1&#8243; _module_preset=&raquo;default&raquo; global_colors_info=&raquo;{}&raquo;][\/et_pb_sidebar][\/et_pb_column][et_pb_column type=&raquo;3_4&#8243; _builder_version=&raquo;4.20.1&#8243; _module_preset=&raquo;default&raquo; global_colors_info=&raquo;{}&raquo;][et_pb_text _builder_version=&raquo;4.20.1&#8243; _module_preset=&raquo;default&raquo; global_colors_info=&raquo;{}&raquo;]<\/p>\n<h1>De mindre Antillene<\/h1>\n<p><strong>De mindre Antillene<\/strong> er en gruppe \u00f8yer i Det karibiske hav som strekker seg fra Jomfru\u00f8yene s\u00f8r til Trinidad og Tobago, best\u00e5ende av to hovedgrupper av \u00f8yer: den nordlige gruppen, som inkluderer strong>Leeward Islands<\/strong> og <strong>Windward Islands<\/strong>, og den s\u00f8rlige gruppen, som inkluderer Trinidad og Tobago.<\/p>\n<p><strong>Leeward-\u00f8yene<\/strong>, som ligger i den nordlige delen av De sm\u00e5 Antillene, inkluderer \u00f8yer som Antigua og Barbuda, St. Kitts og Nevis, Anguilla og De britiske jomfru\u00f8yene. <\/p>\n<p>[\/et_pb_text][et_pb_blog fullwidth=&raquo;off&raquo; posts_number=&raquo;30&#8243; include_categories=&raquo;5&#8243; show_author=&raquo;off&raquo; show_date=&raquo;off&raquo; _builder_version=&raquo;4.20.1&#8243; _module_preset=&raquo;default&raquo; global_colors_info=&raquo;{}&raquo;][\/et_pb_blog][et_pb_text _builder_version=&raquo;4.20.1&#8243; _module_preset=&raquo;default&raquo; global_colors_info=&raquo;{}&raquo;]<\/p>\n<p><strong>Windward Islands<\/strong>, som ligger i den s\u00f8rlige delen av De sm\u00e5 Antillene, inkluderer \u00f8yer som Dominica, St. Lucia, St. Vincent og Grenadinene og Grenada.<\/p>\n<p>[\/et_pb_text][et_pb_blog fullwidth=&raquo;off&raquo; include_categories=&raquo;6&#8243; show_author=&raquo;off&raquo; show_date=&raquo;off&raquo; _builder_version=&raquo;4.20.1&#8243; _module_preset=&raquo;default&raquo; global_colors_info=&raquo;{}&raquo;][\/et_pb_blog][\/et_pb_column][\/et_pb_row][\/et_pb_section]<\/p>\n","protected":false},"excerpt":{"rendered":"<p>De mindre Antillene De mindre Antillene er en gruppe \u00f8yer i Det karibiske hav som strekker seg fra Jomfru\u00f8yene s\u00f8r til Trinidad og Tobago, best\u00e5ende av to hovedgrupper av \u00f8yer: den nordlige gruppen, som inkluderer strong>Leeward Islands og Windward Islands, og den s\u00f8rlige gruppen, som inkluderer Trinidad og Tobago. Leeward-\u00f8yene, som ligger i den nordlige [&hellip;]<\/p>\n","protected":false},"author":1,"featured_media":0,"parent":0,"menu_order":0,"comment_status":"closed","ping_status":"closed","template":"","meta":{"_et_pb_use_builder":"on","_et_pb_old_content":"","_et_gb_content_width":"","footnotes":""},"class_list":["post-4872","page","type-page","status-publish","hentry"],"_links":{"self":[{"href":"https:\/\/www.caribbeanislands.com\/no\/wp-json\/wp\/v2\/pages\/4872","targetHints":{"allow":["GET"]}}],"collection":[{"href":"https:\/\/www.caribbeanislands.com\/no\/wp-json\/wp\/v2\/pages"}],"about":[{"href":"https:\/\/www.caribbeanislands.com\/no\/wp-json\/wp\/v2\/types\/page"}],"author":[{"embeddable":true,"href":"https:\/\/www.caribbeanislands.com\/no\/wp-json\/wp\/v2\/users\/1"}],"replies":[{"embeddable":true,"href":"https:\/\/www.caribbeanislands.com\/no\/wp-json\/wp\/v2\/comments?post=4872"}],"version-history":[{"count":5,"href":"https:\/\/www.caribbeanislands.com\/no\/wp-json\/wp\/v2\/pages\/4872\/revisions"}],"predecessor-version":[{"id":4937,"href":"https:\/\/www.caribbeanislands.com\/no\/wp-json\/wp\/v2\/pages\/4872\/revisions\/4937"}],"wp:attachment":[{"href":"https:\/\/www.caribbeanislands.com\/no\/wp-json\/wp\/v2\/media?parent=4872"}],"curies":[{"name":"wp","href":"https:\/\/api.w.org\/{rel}","templated":true}]}}