{"id":4987,"date":"2023-03-08T17:33:45","date_gmt":"2023-03-08T17:33:45","guid":{"rendered":"https:\/\/caribbeanislands.com\/leeward-oyene\/"},"modified":"2023-03-08T17:33:46","modified_gmt":"2023-03-08T17:33:46","slug":"leeward-oyene","status":"publish","type":"page","link":"https:\/\/www.caribbeanislands.com\/no\/leeward-oyene\/","title":{"rendered":"Leeward-\u00f8yene"},"content":{"rendered":"<p>[et_pb_section fb_built=&raquo;1&#8243; admin_label=&raquo;section&raquo; _builder_version=&raquo;4.16&#8243; global_colors_info=&raquo;{}&raquo;][et_pb_row admin_label=&raquo;row&raquo; _builder_version=&raquo;4.20.1&#8243; background_size=&raquo;initial&raquo; background_position=&raquo;top_left&raquo; background_repeat=&raquo;repeat&raquo; hover_enabled=&raquo;0&#8243; global_colors_info=&raquo;{}&raquo; column_structure=&raquo;1_4,3_4&#8243; sticky_enabled=&raquo;0&#8243;][et_pb_column type=&raquo;1_4&#8243; _builder_version=&raquo;4.16&#8243; custom_padding=&raquo;|||&raquo; global_colors_info=&raquo;{}&raquo; custom_padding__hover=&raquo;|||&raquo;][et_pb_sidebar _builder_version=&raquo;4.20.1&#8243; _module_preset=&raquo;default&raquo; hover_enabled=&raquo;0&#8243; sticky_enabled=&raquo;0&#8243;][\/et_pb_sidebar][\/et_pb_column][et_pb_column type=&raquo;3_4&#8243; _builder_version=&raquo;4.16&#8243; custom_padding=&raquo;|||&raquo; global_colors_info=&raquo;{}&raquo; custom_padding__hover=&raquo;|||&raquo;][et_pb_text admin_label=&raquo;Text&raquo; _builder_version=&raquo;4.20.1&#8243; background_size=&raquo;initial&raquo; background_position=&raquo;top_left&raquo; background_repeat=&raquo;repeat&raquo; hover_enabled=&raquo;0&#8243; global_colors_info=&raquo;{}&raquo; sticky_enabled=&raquo;0&#8243;]<\/p>\n<h1>Leeward-\u00f8yene<\/h1>\n<p>Leeward-\u00f8yene ligger i den \u00f8stlige delen av Det karibiske hav, og inkluderer \u00f8yer som Antigua og Barbuda, St. Kitts og Nevis, Anguilla og De britiske jomfru\u00f8yene.[\/et_pb_text][et_pb_blog _builder_version=&raquo;4.20.1&#8243; _module_preset=&raquo;default&raquo; fullwidth=&raquo;off&raquo; include_categories=&raquo;5&#8243; show_author=&raquo;off&raquo; show_date=&raquo;off&raquo; hover_enabled=&raquo;0&#8243; sticky_enabled=&raquo;0&#8243; posts_number=&raquo;30&#8243;][\/et_pb_blog][\/et_pb_column][\/et_pb_row][\/et_pb_section]<\/p>\n","protected":false},"excerpt":{"rendered":"<p>Leeward-\u00f8yene Leeward-\u00f8yene ligger i den \u00f8stlige delen av Det karibiske hav, og inkluderer \u00f8yer som Antigua og Barbuda, St. Kitts og Nevis, Anguilla og De britiske jomfru\u00f8yene.<\/p>\n","protected":false},"author":1,"featured_media":0,"parent":0,"menu_order":0,"comment_status":"closed","ping_status":"closed","template":"","meta":{"_et_pb_use_builder":"on","_et_pb_old_content":"","_et_gb_content_width":"","footnotes":""},"class_list":["post-4987","page","type-page","status-publish","hentry"],"_links":{"self":[{"href":"https:\/\/www.caribbeanislands.com\/no\/wp-json\/wp\/v2\/pages\/4987","targetHints":{"allow":["GET"]}}],"collection":[{"href":"https:\/\/www.caribbeanislands.com\/no\/wp-json\/wp\/v2\/pages"}],"about":[{"href":"https:\/\/www.caribbeanislands.com\/no\/wp-json\/wp\/v2\/types\/page"}],"author":[{"embeddable":true,"href":"https:\/\/www.caribbeanislands.com\/no\/wp-json\/wp\/v2\/users\/1"}],"replies":[{"embeddable":true,"href":"https:\/\/www.caribbeanislands.com\/no\/wp-json\/wp\/v2\/comments?post=4987"}],"version-history":[{"count":2,"href":"https:\/\/www.caribbeanislands.com\/no\/wp-json\/wp\/v2\/pages\/4987\/revisions"}],"predecessor-version":[{"id":4989,"href":"https:\/\/www.caribbeanislands.com\/no\/wp-json\/wp\/v2\/pages\/4987\/revisions\/4989"}],"wp:attachment":[{"href":"https:\/\/www.caribbeanislands.com\/no\/wp-json\/wp\/v2\/media?parent=4987"}],"curies":[{"name":"wp","href":"https:\/\/api.w.org\/{rel}","templated":true}]}}