{"id":5014,"date":"2023-03-08T17:38:34","date_gmt":"2023-03-08T17:38:34","guid":{"rendered":"https:\/\/caribbeanislands.com\/windward-islands\/"},"modified":"2023-03-08T17:38:34","modified_gmt":"2023-03-08T17:38:34","slug":"windward-islands","status":"publish","type":"page","link":"https:\/\/www.caribbeanislands.com\/no\/windward-islands\/","title":{"rendered":"Windward Islands"},"content":{"rendered":"<p>[et_pb_section fb_built=&raquo;1&#8243; admin_label=&raquo;section&raquo; _builder_version=&raquo;4.16&#8243; global_colors_info=&raquo;{}&raquo;][et_pb_row admin_label=&raquo;row&raquo; _builder_version=&raquo;4.20.1&#8243; background_size=&raquo;initial&raquo; background_position=&raquo;top_left&raquo; background_repeat=&raquo;repeat&raquo; hover_enabled=&raquo;0&#8243; global_colors_info=&raquo;{}&raquo; column_structure=&raquo;1_4,3_4&#8243; sticky_enabled=&raquo;0&#8243;][et_pb_column type=&raquo;1_4&#8243; _builder_version=&raquo;4.16&#8243; custom_padding=&raquo;|||&raquo; global_colors_info=&raquo;{}&raquo; custom_padding__hover=&raquo;|||&raquo;][et_pb_sidebar _builder_version=&raquo;4.20.1&#8243; _module_preset=&raquo;default&raquo; hover_enabled=&raquo;0&#8243; sticky_enabled=&raquo;0&#8243;][\/et_pb_sidebar][\/et_pb_column][et_pb_column type=&raquo;3_4&#8243; _builder_version=&raquo;4.16&#8243; custom_padding=&raquo;|||&raquo; global_colors_info=&raquo;{}&raquo; custom_padding__hover=&raquo;|||&raquo;][et_pb_text admin_label=&raquo;Text&raquo; _builder_version=&raquo;4.20.1&#8243; background_size=&raquo;initial&raquo; background_position=&raquo;top_left&raquo; background_repeat=&raquo;repeat&raquo; hover_enabled=&raquo;0&#8243; global_colors_info=&raquo;{}&raquo; sticky_enabled=&raquo;0&#8243;]<\/p>\n<h1>Windward Islands<\/h1>\n<p><strong>Windward Islands<\/strong> er gruppen av karibiske \u00f8yer som ligger i den \u00f8stlige delen av Det karibiske hav, s\u00f8r for Leeward-\u00f8yene. Gruppen inkluderer \u00f8yer som Dominica, St. Lucia, St. Vincent og Grenadinene, Grenada og Barbados.[\/et_pb_text][et_pb_blog _builder_version=&raquo;4.20.1&#8243; _module_preset=&raquo;default&raquo; posts_number=&raquo;22&#8243; include_categories=&raquo;6&#8243; fullwidth=&raquo;off&raquo; show_author=&raquo;off&raquo; show_date=&raquo;off&raquo; hover_enabled=&raquo;0&#8243; sticky_enabled=&raquo;0&#8243;][\/et_pb_blog][\/et_pb_column][\/et_pb_row][\/et_pb_section]<\/p>\n","protected":false},"excerpt":{"rendered":"<p>Windward Islands Windward Islands er gruppen av karibiske \u00f8yer som ligger i den \u00f8stlige delen av Det karibiske hav, s\u00f8r for Leeward-\u00f8yene. Gruppen inkluderer \u00f8yer som Dominica, St. Lucia, St. Vincent og Grenadinene, Grenada og Barbados.<\/p>\n","protected":false},"author":1,"featured_media":0,"parent":0,"menu_order":0,"comment_status":"closed","ping_status":"closed","template":"","meta":{"_et_pb_use_builder":"on","_et_pb_old_content":"","_et_gb_content_width":"","footnotes":""},"class_list":["post-5014","page","type-page","status-publish","hentry"],"_links":{"self":[{"href":"https:\/\/www.caribbeanislands.com\/no\/wp-json\/wp\/v2\/pages\/5014","targetHints":{"allow":["GET"]}}],"collection":[{"href":"https:\/\/www.caribbeanislands.com\/no\/wp-json\/wp\/v2\/pages"}],"about":[{"href":"https:\/\/www.caribbeanislands.com\/no\/wp-json\/wp\/v2\/types\/page"}],"author":[{"embeddable":true,"href":"https:\/\/www.caribbeanislands.com\/no\/wp-json\/wp\/v2\/users\/1"}],"replies":[{"embeddable":true,"href":"https:\/\/www.caribbeanislands.com\/no\/wp-json\/wp\/v2\/comments?post=5014"}],"version-history":[{"count":2,"href":"https:\/\/www.caribbeanislands.com\/no\/wp-json\/wp\/v2\/pages\/5014\/revisions"}],"predecessor-version":[{"id":5016,"href":"https:\/\/www.caribbeanislands.com\/no\/wp-json\/wp\/v2\/pages\/5014\/revisions\/5016"}],"wp:attachment":[{"href":"https:\/\/www.caribbeanislands.com\/no\/wp-json\/wp\/v2\/media?parent=5014"}],"curies":[{"name":"wp","href":"https:\/\/api.w.org\/{rel}","templated":true}]}}