{"id":4875,"date":"2023-03-08T15:55:48","date_gmt":"2023-03-08T15:55:48","guid":{"rendered":"https:\/\/caribbeanislands.com\/pequenas-antilhas\/"},"modified":"2023-03-08T16:31:25","modified_gmt":"2023-03-08T16:31:25","slug":"pequenas-antilhas","status":"publish","type":"page","link":"https:\/\/www.caribbeanislands.com\/pt\/pequenas-antilhas\/","title":{"rendered":"Pequenas Antilhas"},"content":{"rendered":"<p>[et_pb_section fb_built=&#8221;1&#8243; _builder_version=&#8221;4.20.1&#8243; _module_preset=&#8221;default&#8221; hover_enabled=&#8221;0&#8243; global_colors_info=&#8221;{}&#8221; min_height=&#8221;4920.9px&#8221; custom_padding=&#8221;0px|0px|0px|0px|false|false&#8221; custom_margin=&#8221;||||false|false&#8221; sticky_enabled=&#8221;0&#8243;][et_pb_row column_structure=&#8221;1_4,3_4&#8243; _builder_version=&#8221;4.20.1&#8243; _module_preset=&#8221;default&#8221; global_colors_info=&#8221;{}&#8221;][et_pb_column type=&#8221;1_4&#8243; _builder_version=&#8221;4.20.1&#8243; _module_preset=&#8221;default&#8221; global_colors_info=&#8221;{}&#8221;][et_pb_sidebar _builder_version=&#8221;4.20.1&#8243; _module_preset=&#8221;default&#8221; global_colors_info=&#8221;{}&#8221;][\/et_pb_sidebar][\/et_pb_column][et_pb_column type=&#8221;3_4&#8243; _builder_version=&#8221;4.20.1&#8243; _module_preset=&#8221;default&#8221; global_colors_info=&#8221;{}&#8221;][et_pb_text _builder_version=&#8221;4.20.1&#8243; _module_preset=&#8221;default&#8221; global_colors_info=&#8221;{}&#8221;]<\/p>\n<h1>As Pequenas Antilhas<\/h1>\n<p><strong>As Pequenas Antilhas<\/strong> s\u00e3o um grupo de ilhas no Mar do Caribe que se estende desde as Ilhas Virgens ao sul at\u00e9 Trinidad e Tobago, composto por dois grupos principais de ilhas: o grupo do norte, que inclui o < strong>Ilhas Leeward<\/strong> e as <strong>Ilhas Windward<\/strong>, e o grupo sul, que inclui Trinidad e Tobago.<\/p>\n<p>As <strong>Ilhas Leeward<\/strong>, localizadas na parte norte das Pequenas Antilhas, incluem ilhas como Ant\u00edgua e Barbuda, S\u00e3o Crist\u00f3v\u00e3o e Nevis, Anguilla e as Ilhas Virgens Brit\u00e2nicas. <\/p>\n<p>[\/et_pb_text][et_pb_blog fullwidth=&#8221;off&#8221; posts_number=&#8221;30&#8243; include_categories=&#8221;5&#8243; show_author=&#8221;off&#8221; show_date=&#8221;off&#8221; _builder_version=&#8221;4.20.1&#8243; _module_preset=&#8221;default&#8221; global_colors_info=&#8221;{}&#8221;][\/et_pb_blog][et_pb_text _builder_version=&#8221;4.20.1&#8243; _module_preset=&#8221;default&#8221; global_colors_info=&#8221;{}&#8221;]<\/p>\n<p>As <strong>Ilhas de Barlavento<\/strong>, localizadas na parte sul das Pequenas Antilhas, incluem ilhas como Dominica, Santa L\u00facia, S\u00e3o Vicente e Granadinas e Granada.<\/p>\n<p>[\/et_pb_text][et_pb_blog fullwidth=&#8221;off&#8221; include_categories=&#8221;6&#8243; show_author=&#8221;off&#8221; show_date=&#8221;off&#8221; _builder_version=&#8221;4.20.1&#8243; _module_preset=&#8221;default&#8221; global_colors_info=&#8221;{}&#8221;][\/et_pb_blog][\/et_pb_column][\/et_pb_row][\/et_pb_section]<\/p>\n","protected":false},"excerpt":{"rendered":"<p>As Pequenas Antilhas As Pequenas Antilhas s\u00e3o um grupo de ilhas no Mar do Caribe que se estende desde as Ilhas Virgens ao sul at\u00e9 Trinidad e Tobago, composto por dois grupos principais de ilhas: o grupo do norte, que inclui o < strong>Ilhas Leeward e as Ilhas Windward, e o grupo sul, que inclui [&hellip;]<\/p>\n","protected":false},"author":1,"featured_media":0,"parent":0,"menu_order":0,"comment_status":"closed","ping_status":"closed","template":"","meta":{"_et_pb_use_builder":"on","_et_pb_old_content":"","_et_gb_content_width":"","footnotes":""},"class_list":["post-4875","page","type-page","status-publish","hentry"],"_links":{"self":[{"href":"https:\/\/www.caribbeanislands.com\/pt\/wp-json\/wp\/v2\/pages\/4875","targetHints":{"allow":["GET"]}}],"collection":[{"href":"https:\/\/www.caribbeanislands.com\/pt\/wp-json\/wp\/v2\/pages"}],"about":[{"href":"https:\/\/www.caribbeanislands.com\/pt\/wp-json\/wp\/v2\/types\/page"}],"author":[{"embeddable":true,"href":"https:\/\/www.caribbeanislands.com\/pt\/wp-json\/wp\/v2\/users\/1"}],"replies":[{"embeddable":true,"href":"https:\/\/www.caribbeanislands.com\/pt\/wp-json\/wp\/v2\/comments?post=4875"}],"version-history":[{"count":5,"href":"https:\/\/www.caribbeanislands.com\/pt\/wp-json\/wp\/v2\/pages\/4875\/revisions"}],"predecessor-version":[{"id":4934,"href":"https:\/\/www.caribbeanislands.com\/pt\/wp-json\/wp\/v2\/pages\/4875\/revisions\/4934"}],"wp:attachment":[{"href":"https:\/\/www.caribbeanislands.com\/pt\/wp-json\/wp\/v2\/media?parent=4875"}],"curies":[{"name":"wp","href":"https:\/\/api.w.org\/{rel}","templated":true}]}}