{"id":4981,"date":"2023-03-08T17:32:22","date_gmt":"2023-03-08T17:32:22","guid":{"rendered":"https:\/\/caribbeanislands.com\/arquipelago-de-lucayan\/"},"modified":"2023-03-08T17:32:22","modified_gmt":"2023-03-08T17:32:22","slug":"arquipelago-de-lucayan","status":"publish","type":"page","link":"https:\/\/www.caribbeanislands.com\/pt\/arquipelago-de-lucayan\/","title":{"rendered":"Arquip\u00e9lago de Lucayan"},"content":{"rendered":"<p>[et_pb_section fb_built=&#8221;1&#8243; admin_label=&#8221;section&#8221; _builder_version=&#8221;4.16&#8243; global_colors_info=&#8221;{}&#8221;][et_pb_row admin_label=&#8221;row&#8221; _builder_version=&#8221;4.20.1&#8243; background_size=&#8221;initial&#8221; background_position=&#8221;top_left&#8221; background_repeat=&#8221;repeat&#8221; hover_enabled=&#8221;0&#8243; global_colors_info=&#8221;{}&#8221; column_structure=&#8221;1_4,3_4&#8243; sticky_enabled=&#8221;0&#8243;][et_pb_column type=&#8221;1_4&#8243; _builder_version=&#8221;4.16&#8243; custom_padding=&#8221;|||&#8221; global_colors_info=&#8221;{}&#8221; custom_padding__hover=&#8221;|||&#8221;][et_pb_sidebar _builder_version=&#8221;4.20.1&#8243; _module_preset=&#8221;default&#8221; hover_enabled=&#8221;0&#8243; sticky_enabled=&#8221;0&#8243;][\/et_pb_sidebar][\/et_pb_column][et_pb_column type=&#8221;3_4&#8243; _builder_version=&#8221;4.16&#8243; custom_padding=&#8221;|||&#8221; global_colors_info=&#8221;{}&#8221; custom_padding__hover=&#8221;|||&#8221;][et_pb_text admin_label=&#8221;Text&#8221; _builder_version=&#8221;4.20.1&#8243; background_size=&#8221;initial&#8221; background_position=&#8221;top_left&#8221; background_repeat=&#8221;repeat&#8221; hover_enabled=&#8221;0&#8243; global_colors_info=&#8221;{}&#8221; sticky_enabled=&#8221;0&#8243;]<\/p>\n<h1>Arquip\u00e9lago de Lucayan<\/h1>\n<p>O <strong>Arquip\u00e9lago de Lucayan<\/strong> est\u00e1 localizado na parte noroeste do Oceano Atl\u00e2ntico, a sudeste dos Estados Unidos e ao norte do Mar do Caribe. Inclui v\u00e1rias ilhas, como as Bahamas, Ilhas Turks e Caicos, e partes da ilha de Hispaniola, que \u00e9 compartilhada pelo Haiti e pela Rep\u00fablica Dominicana. E apesar de estar situado no Oceano Atl\u00e2ntico, o Arquip\u00e9lago de Lucayan \u00e9 muitas vezes referido como ilhas do Caribe devido \u00e0 sua proximidade com o Caribe e suas caracter\u00edsticas culturais, hist\u00f3ricas e geol\u00f3gicas compartilhadas.[\/et_pb_text][et_pb_blog _builder_version=&#8221;4.20.1&#8243; _module_preset=&#8221;default&#8221; include_categories=&#8221;8&#8243; fullwidth=&#8221;off&#8221; show_author=&#8221;off&#8221; show_date=&#8221;off&#8221; hover_enabled=&#8221;0&#8243; sticky_enabled=&#8221;0&#8243;][\/et_pb_blog][\/et_pb_column][\/et_pb_row][\/et_pb_section]<\/p>\n","protected":false},"excerpt":{"rendered":"<p>Arquip\u00e9lago de Lucayan O Arquip\u00e9lago de Lucayan est\u00e1 localizado na parte noroeste do Oceano Atl\u00e2ntico, a sudeste dos Estados Unidos e ao norte do Mar do Caribe. Inclui v\u00e1rias ilhas, como as Bahamas, Ilhas Turks e Caicos, e partes da ilha de Hispaniola, que \u00e9 compartilhada pelo Haiti e pela Rep\u00fablica Dominicana. E apesar de [&hellip;]<\/p>\n","protected":false},"author":1,"featured_media":0,"parent":0,"menu_order":0,"comment_status":"closed","ping_status":"closed","template":"","meta":{"_et_pb_use_builder":"on","_et_pb_old_content":"","_et_gb_content_width":"","footnotes":""},"class_list":["post-4981","page","type-page","status-publish","hentry"],"_links":{"self":[{"href":"https:\/\/www.caribbeanislands.com\/pt\/wp-json\/wp\/v2\/pages\/4981","targetHints":{"allow":["GET"]}}],"collection":[{"href":"https:\/\/www.caribbeanislands.com\/pt\/wp-json\/wp\/v2\/pages"}],"about":[{"href":"https:\/\/www.caribbeanislands.com\/pt\/wp-json\/wp\/v2\/types\/page"}],"author":[{"embeddable":true,"href":"https:\/\/www.caribbeanislands.com\/pt\/wp-json\/wp\/v2\/users\/1"}],"replies":[{"embeddable":true,"href":"https:\/\/www.caribbeanislands.com\/pt\/wp-json\/wp\/v2\/comments?post=4981"}],"version-history":[{"count":2,"href":"https:\/\/www.caribbeanislands.com\/pt\/wp-json\/wp\/v2\/pages\/4981\/revisions"}],"predecessor-version":[{"id":4983,"href":"https:\/\/www.caribbeanislands.com\/pt\/wp-json\/wp\/v2\/pages\/4981\/revisions\/4983"}],"wp:attachment":[{"href":"https:\/\/www.caribbeanislands.com\/pt\/wp-json\/wp\/v2\/media?parent=4981"}],"curies":[{"name":"wp","href":"https:\/\/api.w.org\/{rel}","templated":true}]}}