{"id":4010,"date":"2023-02-17T12:35:12","date_gmt":"2023-02-17T12:35:12","guid":{"rendered":"https:\/\/caribbeanislands.com\/?page_id=4010"},"modified":"2023-02-17T12:35:12","modified_gmt":"2023-02-17T12:35:12","slug":"bokmarken","status":"publish","type":"page","link":"https:\/\/www.caribbeanislands.com\/sv\/bokmarken\/","title":{"rendered":"Bokm\u00e4rken"},"content":{"rendered":"<ul>\n<li>\n        <a href=\"https:\/\/www.passageweather.com\/\" target=\"_blank\" title=\"Passage Weather\" alt=\"Passage Weather\" rel=\"noopener noreferrer\">Passage Weather<\/a> PassageWeather \u00e4r en specialiserad v\u00e4derprognosplattform som tillhandah\u00e5ller 7-dagars v\u00e4der-, vind- och v\u00e5gprognoser f\u00f6r att hj\u00e4lpa b\u00e5tfolk med reseplanering och v\u00e4derrutt. V\u00e4derdata som anv\u00e4nds f\u00f6r att ta fram v\u00e4derprognosdiagrammen kommer fr\u00e5n p\u00e5litliga och p\u00e5litliga k\u00e4llor, s\u00e5som US National Weather Service (NWS), National Oceanic and Atmospheric Administration (NOAA), National Centers for Environmental Prediction (NCEP), Marine Meteorologiavdelningen vid US Naval Research Laboratory (NRL), Frivind AS och Cyprus Oceanographic Center.\n    <\/li>\n<li><a href=\"https:\/\/www.windyty.com\/?18.573,-71.389,6\" alt=\"Windyty \" title=\"Windyty\" target=\"_blank\" rel=\"noopener noreferrer\">Windyty <\/a> Windyty \u00e4r en vindkarta och v\u00e4derprognos f\u00f6r b\u00e5tfolk och b\u00e5tfolk, kiters, surfare, piloter, seglare och alla andra som \u00e4r intresserade av v\u00e4derprognoser. Animerad v\u00e4rldsv\u00e4derkarta, med l\u00e4ttanv\u00e4nda \u00f6verl\u00e4gg och exakta platsprognoser. METAR, TAF och NOTAMs f\u00f6r alla flygplatser i v\u00e4rlden.\n    <\/li>\n<li><a href=\"https:\/\/www.nhc.noaa.gov\/\" alt=\"NOAA\" title=\"NOAA\" target=\"_blank\" rel=\"noopener noreferrer\">NOAA<\/a> &#8211; Ocean Prediction Center &#8211; Producerar marina v\u00e4dervarningar, prognoser och v\u00e4gledning i text- och grafiska format f\u00f6r marina anv\u00e4ndare i norra Atlanten och Stilla havet. OPC \u00f6vervakar och analyserar kontinuerligt marina data och ger v\u00e4gledning om marina atmosf\u00e4riska variabler f\u00f6r att skydda liv och egendom, s\u00e4kerhet till sj\u00f6ss och f\u00f6rb\u00e4ttra ekonomiska m\u00f6jligheter.\n    <\/li>\n<\/ul>\n<ul>\n<li><a href=\"https:\/\/ivisitanguilla.com\/\" target=\"_blank\" rel=\"noopener noreferrer\">                   Anguillas    <\/a> turistr\u00e5d<\/li>\n<li><a href=\"https:\/\/www.antigua-barbuda.org\/\" target=\"_blank\" rel=\"noopener noreferrer\">              Antigua och Barbudas   <\/a> turistr\u00e5d<\/li>\n<li><a href=\"https:\/\/www.bahamas.com\/\" target=\"_blank\" rel=\"noopener noreferrer\">                      Bahamas    <\/a> turistr\u00e5d<\/li>\n<li><a href=\"https:\/\/www.visitbarbados.org\/\" target=\"_blank\" rel=\"noopener noreferrer\">                Barbados   <\/a> turistr\u00e5d<\/li>\n<li><a href=\"https:\/\/www.tourismbonaire.com\/en\/\" target=\"_blank\" rel=\"noopener noreferrer\">            Bonaires    <\/a> turistr\u00e5d<\/li>\n<li><a href=\"https:\/\/www.bvitourism.com\/\" target=\"_blank\" rel=\"noopener noreferrer\">                   Brittiska Jungfru\u00f6arnas   <\/a> turistr\u00e5d<\/li>\n<li><a href=\"https:\/\/www.curacao.com\/\" target=\"_blank\" rel=\"noopener noreferrer\">                      Cura\u00e7aos    <\/a> turistr\u00e5d<\/li>\n<li><a href=\"https:\/\/www.discoverdominica.com\/\" target=\"_blank\" rel=\"noopener noreferrer\">             Dominica    <\/a> turistr\u00e5d<\/li>\n<li><a href=\"https:\/\/www.grenadagrenadines.com\/\" target=\"_blank\" rel=\"noopener noreferrer\">            Grenadas    <\/a> turistr\u00e5d<\/li>\n<li><a href=\"https:\/\/www.myguadeloupeislands.com\/\" target=\"_blank\" rel=\"noopener noreferrer\">          Guadeloupe   <\/a> turistr\u00e5d<\/li>\n<li><a href=\"https:\/\/www.guyana-tourism.com\/\" target=\"_blank\" rel=\"noopener noreferrer\">               Guyana   <\/a> turistr\u00e5d<\/li>\n<li><a href=\"https:\/\/www.martinique.org\/\" target=\"_blank\" rel=\"noopener noreferrer\">                   Martiniques   <\/a> turistr\u00e5d<\/li>\n<li><a href=\"https:\/\/www.visitmontserrat.com\/\" target=\"_blank\" rel=\"noopener noreferrer\">              Montserrat   <\/a> turistr\u00e5d<\/li>\n<li><a href=\"https:\/\/site.seepuertorico.com\/\" target=\"_blank\" rel=\"noopener noreferrer\">               Puerto Rico   <\/a> turistr\u00e5d<\/li>\n<li><a href=\"https:\/\/www.sabatourism.com\/\" target=\"_blank\" rel=\"noopener noreferrer\">                  Saba    <\/a> turistr\u00e5d<\/li>\n<li><a href=\"https:\/\/www.statiatourism.com\/\" target=\"_blank\" rel=\"noopener noreferrer\">                Saint Eustatius   <\/a> turistr\u00e5d<\/li>\n<li><a href=\"https:\/\/www.saintbarth-tourisme.com\/\" target=\"_blank\" rel=\"noopener noreferrer\">          St Barths   <\/a> turistr\u00e5d<\/li>\n<li><a href=\"https:\/\/www.stkittstourism.kn\/\" target=\"_blank\" rel=\"noopener noreferrer\">                Tourist Board of Saint Kitts och Nevis   <\/a> turistr\u00e5d<\/li>\n<li><a href=\"https:\/\/stlucianow.com\/\" target=\"_blank\" rel=\"noopener noreferrer\">                       St Lucia    <\/a> turistr\u00e5d<\/li>\n<li><a href=\"https:\/\/www.stmartinisland.org\/\" target=\"_blank\" rel=\"noopener noreferrer\">               San Mart\u00edn   <\/a> turistr\u00e5d<\/li>\n<li><a href=\"https:\/\/www.discoversvg.com\/\" target=\"_blank\" rel=\"noopener noreferrer\">                  St. Vincent och Grenadinernas   <\/a> turistr\u00e5d<\/li>\n<li><a href=\"https:\/\/gotrinidadandtobago.com\/\" target=\"_blank\" rel=\"noopener noreferrer\">              Trinidad och Tobago   <\/a> turistr\u00e5d<\/li>\n<li><a href=\"https:\/\/www.turksandcaicostourism.com\/\" target=\"_blank\" rel=\"noopener noreferrer\">        Turks &#038; Caicos    <\/a> turistr\u00e5d<\/li>\n<li><a href=\"https:\/\/www.visitusvi.com\/\" target=\"_blank\" rel=\"noopener noreferrer\">                    US Virgin Islands    <\/a> turistr\u00e5d<\/li>\n<\/ul>\n","protected":false},"excerpt":{"rendered":"<p>Passage Weather PassageWeather \u00e4r en specialiserad v\u00e4derprognosplattform som tillhandah\u00e5ller 7-dagars v\u00e4der-, vind- och v\u00e5gprognoser f\u00f6r att hj\u00e4lpa b\u00e5tfolk med reseplanering och v\u00e4derrutt. V\u00e4derdata som anv\u00e4nds f\u00f6r att ta fram v\u00e4derprognosdiagrammen kommer fr\u00e5n p\u00e5litliga och p\u00e5litliga k\u00e4llor, s\u00e5som US National Weather Service (NWS), National Oceanic and Atmospheric Administration (NOAA), National Centers for Environmental Prediction (NCEP), Marine [&hellip;]<\/p>\n","protected":false},"author":1,"featured_media":0,"parent":0,"menu_order":0,"comment_status":"closed","ping_status":"closed","template":"","meta":{"_et_pb_use_builder":"","_et_pb_old_content":"","_et_gb_content_width":"","footnotes":""},"class_list":["post-4010","page","type-page","status-publish","hentry"],"_links":{"self":[{"href":"https:\/\/www.caribbeanislands.com\/sv\/wp-json\/wp\/v2\/pages\/4010","targetHints":{"allow":["GET"]}}],"collection":[{"href":"https:\/\/www.caribbeanislands.com\/sv\/wp-json\/wp\/v2\/pages"}],"about":[{"href":"https:\/\/www.caribbeanislands.com\/sv\/wp-json\/wp\/v2\/types\/page"}],"author":[{"embeddable":true,"href":"https:\/\/www.caribbeanislands.com\/sv\/wp-json\/wp\/v2\/users\/1"}],"replies":[{"embeddable":true,"href":"https:\/\/www.caribbeanislands.com\/sv\/wp-json\/wp\/v2\/comments?post=4010"}],"version-history":[{"count":1,"href":"https:\/\/www.caribbeanislands.com\/sv\/wp-json\/wp\/v2\/pages\/4010\/revisions"}],"predecessor-version":[{"id":4019,"href":"https:\/\/www.caribbeanislands.com\/sv\/wp-json\/wp\/v2\/pages\/4010\/revisions\/4019"}],"wp:attachment":[{"href":"https:\/\/www.caribbeanislands.com\/sv\/wp-json\/wp\/v2\/media?parent=4010"}],"curies":[{"name":"wp","href":"https:\/\/api.w.org\/{rel}","templated":true}]}}