{"id":4026,"date":"2023-02-17T16:55:42","date_gmt":"2023-02-17T16:55:42","guid":{"rendered":"https:\/\/caribbeanislands.com\/karibien\/"},"modified":"2023-03-16T13:21:29","modified_gmt":"2023-03-16T13:21:29","slug":"karibien","status":"publish","type":"page","link":"https:\/\/www.caribbeanislands.com\/sv\/","title":{"rendered":"Karibien"},"content":{"rendered":"<p>[et_pb_section fb_built=&#8221;1&#8243; _builder_version=&#8221;4.16&#8243; custom_padding=&#8221;||0px|||&#8221; global_colors_info=&#8221;{}&#8221;][et_pb_row admin_label=&#8221;Row&#8221; _builder_version=&#8221;4.16&#8243; custom_padding=&#8221;24px|||||&#8221; global_colors_info=&#8221;{}&#8221;][et_pb_column type=&#8221;4_4&#8243; _builder_version=&#8221;4.16&#8243; global_colors_info=&#8221;{}&#8221;][et_pb_text _builder_version=&#8221;4.19.5&#8243; header_text_color=&#8221;#337ab7&#8243; min_height=&#8221;196px&#8221; custom_margin=&#8221;-29px|||||&#8221; global_colors_info=&#8221;{}&#8221;]<\/p>\n<h1>Karibiska \u00f6arna<\/h1>\n<p>De\u00a0<strong>Karibiska \u00f6arna<\/strong>\u00a0\u00e4r en enorm sk\u00e4rg\u00e5rd som ligger i Karibiska havet, som kan delas in i n\u00e5gra olika regioner: Lucayas sk\u00e4rg\u00e5rd, Stora Antillerna, Lilla Antillerna och ABC-\u00f6arna. Det finns 13 suver\u00e4na stater och 17 beroende territorier i Karibien, och de dominerande spr\u00e5ken \u00e4r engelska, spanska, franska, holl\u00e4ndska och antilliska kreolska. Karibien str\u00e4cker sig \u00f6ver mer \u00e4n 1,06 miljoner kvadratkilometer och ligger fr\u00e4mst mellan Nordamerika och Sydamerika.<\/p>\n<p>[\/et_pb_text][et_pb_text _builder_version=&#8221;4.16&#8243; header_2_text_color=&#8221;#24b6ff&#8221; background_color=&#8221;#f7f4f4&#8243; custom_margin=&#8221;||||false|false&#8221; custom_padding=&#8221;10px||10px|10px|false|false&#8221; global_colors_info=&#8221;{}&#8221;]<\/p>\n<h2>St\u00f6rre Antillerna<\/h2>\n<p>Den mest bes\u00f6kta regionen i Karibien<\/p>\n<p>[\/et_pb_text][\/et_pb_column][\/et_pb_row][\/et_pb_section][et_pb_section fb_built=&#8221;1&#8243; _builder_version=&#8221;4.20.0&#8243; custom_padding=&#8221;0px|0px|0px|0px|false|false&#8221; global_colors_info=&#8221;{}&#8221;][et_pb_row _builder_version=&#8221;4.20.0&#8243; width=&#8221;98%&#8221; custom_margin=&#8221;0px|auto||auto|false|false&#8221; custom_padding=&#8221;0px|0px|0px|0px|false|false&#8221; border_width_right=&#8221;0px&#8221; border_width_left=&#8221;0px&#8221; global_colors_info=&#8221;{}&#8221;][et_pb_column type=&#8221;4_4&#8243; _builder_version=&#8221;4.16&#8243; global_colors_info=&#8221;{}&#8221;][et_pb_blog fullwidth=&#8221;off&#8221; include_categories=&#8221;3&#8243; excerpt_length=&#8221;0&#8243; show_author=&#8221;off&#8221; show_date=&#8221;off&#8221; show_categories=&#8221;off&#8221; _builder_version=&#8221;4.20.2&#8243; header_level=&#8221;h3&#8243; text_orientation=&#8221;left&#8221; hover_enabled=&#8221;0&#8243; global_colors_info=&#8221;{}&#8221; module_class=&#8221;two-col-mob  two-col-tab&#8221; sticky_enabled=&#8221;0&#8243;][\/et_pb_blog][et_pb_text _builder_version=&#8221;4.16&#8243; header_2_text_color=&#8221;#24b6ff&#8221; background_color=&#8221;#f7f4f4&#8243; custom_margin=&#8221;||||false|false&#8221; custom_padding=&#8221;10px||10px|10px|false|false&#8221; global_colors_info=&#8221;{}&#8221;]<\/p>\n<h2>De mindre Antillerna<\/h2>\n<p><span>bildar gr\u00e4nsen mellan Karibiska havet och Nordatlanten, som best\u00e5r av <strong>Leeward<\/strong>, <strong>Windward<\/strong> &amp; <strong>ABC<\/strong>-\u00f6arna<\/span><\/p>\n<p>[\/et_pb_text][et_pb_text _builder_version=&#8221;4.16&#8243; header_text_color=&#8221;#337ab7&#8243; global_colors_info=&#8221;{}&#8221;]<\/p>\n<p><span>Majoriteten av \u00f6arna i\u00a0<\/span><strong>Sm\u00e5 Antillerna<\/strong><span>\u00a0bildar gr\u00e4nsen mellan Karibiska havet och Nordatlanten. De ligger i den norra delen av V\u00e4stindien. \u00d6arna h\u00e4r \u00e4r ytterligare uppdelade i de tre regionerna:\u00a0<\/span><strong>Leward\u00f6arna, Windward\u00f6arna, ABC-\u00f6arna<\/strong><\/p>\n<p>[\/et_pb_text][et_pb_text _builder_version=&#8221;4.16&#8243; header_2_text_color=&#8221;#24b6ff&#8221; background_color=&#8221;#f7f4f4&#8243; custom_margin=&#8221;||||false|false&#8221; custom_padding=&#8221;10px||10px|10px|false|false&#8221; global_colors_info=&#8221;{}&#8221;]<\/p>\n<h2><span>Leeward\u00f6arna<\/span><\/h2>\n<p><span>de norra \u00f6arna i Lesser Antilles-kedjan<\/span><\/p>\n<p>[\/et_pb_text][et_pb_blog fullwidth=&#8221;off&#8221; posts_number=&#8221;20&#8243; include_categories=&#8221;5&#8243; excerpt_length=&#8221;0&#8243; show_author=&#8221;off&#8221; show_date=&#8221;off&#8221; show_categories=&#8221;off&#8221; _builder_version=&#8221;4.20.0&#8243; header_level=&#8221;h3&#8243; global_colors_info=&#8221;{}&#8221;][\/et_pb_blog][et_pb_text _builder_version=&#8221;4.16&#8243; header_2_text_color=&#8221;#24b6ff&#8221; background_color=&#8221;#f7f4f4&#8243; custom_margin=&#8221;||||false|false&#8221; custom_padding=&#8221;10px||10px|10px|false|false&#8221; global_colors_info=&#8221;{}&#8221;]<\/p>\n<h2><span> Lovart\u00f6arna<\/span><\/h2>\n<p><span>S\u00f6dra Karibien<\/span><\/p>\n<p>[\/et_pb_text][et_pb_blog fullwidth=&#8221;off&#8221; posts_number=&#8221;7&#8243; include_categories=&#8221;6&#8243; excerpt_length=&#8221;0&#8243; show_author=&#8221;off&#8221; show_date=&#8221;off&#8221; show_categories=&#8221;off&#8221; _builder_version=&#8221;4.20.0&#8243; header_level=&#8221;h3&#8243; global_colors_info=&#8221;{}&#8221;][\/et_pb_blog][et_pb_text _builder_version=&#8221;4.16&#8243; header_2_text_color=&#8221;#24b6ff&#8221; background_color=&#8221;#f7f4f4&#8243; custom_margin=&#8221;||||false|false&#8221; custom_padding=&#8221;10px||10px|10px|false|false&#8221; global_colors_info=&#8221;{}&#8221;]<\/p>\n<h2><span>ABC-\u00f6arna<\/span><\/h2>\n<p><span>de tre v\u00e4stligaste \u00f6arna i Leeward Antillerna i Karibiska havet<\/span><\/p>\n<p>[\/et_pb_text][et_pb_blog fullwidth=&#8221;off&#8221; posts_number=&#8221;20&#8243; include_categories=&#8221;7&#8243; excerpt_length=&#8221;0&#8243; show_author=&#8221;off&#8221; show_date=&#8221;off&#8221; show_categories=&#8221;off&#8221; _builder_version=&#8221;4.20.0&#8243; header_level=&#8221;h3&#8243; global_colors_info=&#8221;{}&#8221;][\/et_pb_blog][et_pb_text _builder_version=&#8221;4.16&#8243; header_2_text_color=&#8221;#24b6ff&#8221; background_color=&#8221;#f7f4f4&#8243; custom_margin=&#8221;||||false|false&#8221; custom_padding=&#8221;10px||10px|10px|false|false&#8221; global_colors_info=&#8221;{}&#8221;]<\/p>\n<h2><span>Lucayan sk\u00e4rg\u00e5rd<\/span><\/h2>\n<p><span>Dess n\u00e4rhet till USA g\u00f6r det till ett mycket popul\u00e4rt semesterm\u00e5l<\/span><\/p>\n<p>[\/et_pb_text][\/et_pb_column][\/et_pb_row][et_pb_row _builder_version=&#8221;4.20.0&#8243; custom_padding=&#8221;||0px||false|false&#8221; global_colors_info=&#8221;{}&#8221;][et_pb_column type=&#8221;4_4&#8243; _builder_version=&#8221;4.16&#8243; global_colors_info=&#8221;{}&#8221;][et_pb_blog fullwidth=&#8221;off&#8221; posts_number=&#8221;50&#8243; include_categories=&#8221;8&#8243; excerpt_length=&#8221;0&#8243; show_author=&#8221;off&#8221; show_date=&#8221;off&#8221; show_categories=&#8221;off&#8221; _builder_version=&#8221;4.20.0&#8243; global_colors_info=&#8221;{}&#8221;][\/et_pb_blog][\/et_pb_column][\/et_pb_row][\/et_pb_section][et_pb_section fb_built=&#8221;1&#8243; _builder_version=&#8221;4.20.0&#8243; custom_padding=&#8221;||0px||false|false&#8221; global_colors_info=&#8221;{}&#8221;][et_pb_row _builder_version=&#8221;4.16&#8243; global_colors_info=&#8221;{}&#8221;][et_pb_column type=&#8221;4_4&#8243; _builder_version=&#8221;4.16&#8243; global_colors_info=&#8221;{}&#8221;][et_pb_blog posts_number=&#8221;20&#8243; include_categories=&#8221;10&#8243; show_thumbnail=&#8221;off&#8221; show_content=&#8221;on&#8221; show_author=&#8221;off&#8221; show_date=&#8221;off&#8221; show_categories=&#8221;off&#8221; _builder_version=&#8221;4.16&#8243; custom_margin=&#8221;-30px|||||&#8221; global_colors_info=&#8221;{}&#8221;][\/et_pb_blog][\/et_pb_column][\/et_pb_row][\/et_pb_section]<\/p>\n","protected":false},"excerpt":{"rendered":"<p>Karibiska \u00f6arna De\u00a0Karibiska \u00f6arna\u00a0\u00e4r en enorm sk\u00e4rg\u00e5rd som ligger i Karibiska havet, som kan delas in i n\u00e5gra olika regioner: Lucayas sk\u00e4rg\u00e5rd, Stora Antillerna, Lilla Antillerna och ABC-\u00f6arna. Det finns 13 suver\u00e4na stater och 17 beroende territorier i Karibien, och de dominerande spr\u00e5ken \u00e4r engelska, spanska, franska, holl\u00e4ndska och antilliska kreolska. Karibien str\u00e4cker sig \u00f6ver [&hellip;]<\/p>\n","protected":false},"author":1,"featured_media":0,"parent":0,"menu_order":0,"comment_status":"closed","ping_status":"closed","template":"","meta":{"_et_pb_use_builder":"on","_et_pb_old_content":"","_et_gb_content_width":"","footnotes":""},"class_list":["post-4026","page","type-page","status-publish","hentry"],"_links":{"self":[{"href":"https:\/\/www.caribbeanislands.com\/sv\/wp-json\/wp\/v2\/pages\/4026","targetHints":{"allow":["GET"]}}],"collection":[{"href":"https:\/\/www.caribbeanislands.com\/sv\/wp-json\/wp\/v2\/pages"}],"about":[{"href":"https:\/\/www.caribbeanislands.com\/sv\/wp-json\/wp\/v2\/types\/page"}],"author":[{"embeddable":true,"href":"https:\/\/www.caribbeanislands.com\/sv\/wp-json\/wp\/v2\/users\/1"}],"replies":[{"embeddable":true,"href":"https:\/\/www.caribbeanislands.com\/sv\/wp-json\/wp\/v2\/comments?post=4026"}],"version-history":[{"count":4,"href":"https:\/\/www.caribbeanislands.com\/sv\/wp-json\/wp\/v2\/pages\/4026\/revisions"}],"predecessor-version":[{"id":5650,"href":"https:\/\/www.caribbeanislands.com\/sv\/wp-json\/wp\/v2\/pages\/4026\/revisions\/5650"}],"wp:attachment":[{"href":"https:\/\/www.caribbeanislands.com\/sv\/wp-json\/wp\/v2\/media?parent=4026"}],"curies":[{"name":"wp","href":"https:\/\/api.w.org\/{rel}","templated":true}]}}