{"id":4062,"date":"2020-04-19T12:38:49","date_gmt":"2020-04-19T12:38:49","guid":{"rendered":"https:\/\/caribbeanislands.com\/destinationer\/"},"modified":"2023-03-16T19:17:21","modified_gmt":"2023-03-16T19:17:21","slug":"destinationer","status":"publish","type":"page","link":"https:\/\/www.caribbeanislands.com\/sv\/destinationer\/","title":{"rendered":"Destinationer"},"content":{"rendered":"<p>[et_pb_section fb_built=&#8221;1&#8243; _builder_version=&#8221;4.20.2&#8243; custom_margin=&#8221;||||false|false&#8221; custom_padding=&#8221;||||false|false&#8221; global_colors_info=&#8221;{}&#8221;][et_pb_row _builder_version=&#8221;4.20.2&#8243; custom_margin=&#8221;0px||||false|false&#8221; custom_padding=&#8221;0px||||false|false&#8221; hover_enabled=&#8221;0&#8243; global_colors_info=&#8221;{}&#8221; sticky_enabled=&#8221;0&#8243;][et_pb_column type=&#8221;4_4&#8243; _builder_version=&#8221;4.16&#8243; global_colors_info=&#8221;{}&#8221;][et_pb_text _builder_version=&#8221;4.20.2&#8243; _module_preset=&#8221;default&#8221; global_colors_info=&#8221;{}&#8221;]<\/p>\n<h1>Karibiska destinationer<\/h1>\n<p>[\/et_pb_text][et_pb_text _builder_version=&#8221;4.20.2&#8243; _module_preset=&#8221;default&#8221; global_colors_info=&#8221;{}&#8221;]<\/p>\n<p>Karibiska \u00f6ar listade nedan i slumpm\u00e4ssig ordning&#8230; p\u00e5 v\u00e5r hemsida kan du se strukturen f\u00f6r l\u00e4nder och beroenden p\u00e5 <a title=\"Karibiska \u00f6arna\" href=\"https:\/\/www.caribbeanislands.com\/sv\/\"> Karibiska \u00f6ar<\/a> i varje sk\u00e4rg\u00e5rd i Karibiska havet.<\/p>\n<p>[\/et_pb_text][et_pb_blog fullwidth=&#8221;off&#8221; posts_number=&#8221;33&#8243; include_categories=&#8221;6,8,4,5,3,7&#8243; excerpt_length=&#8221;300&#8243; show_more=&#8221;on&#8221; show_author=&#8221;off&#8221; show_date=&#8221;off&#8221; show_categories=&#8221;off&#8221; _builder_version=&#8221;4.19.5&#8243; global_colors_info=&#8221;{}&#8221;][\/et_pb_blog][\/et_pb_column][\/et_pb_row][\/et_pb_section]<\/p>\n","protected":false},"excerpt":{"rendered":"<p>Karibiska destinationerKaribiska \u00f6ar listade nedan i slumpm\u00e4ssig ordning&#8230; p\u00e5 v\u00e5r hemsida kan du se strukturen f\u00f6r l\u00e4nder och beroenden p\u00e5 Karibiska \u00f6ar i varje sk\u00e4rg\u00e5rd i Karibiska havet.<\/p>\n","protected":false},"author":1,"featured_media":0,"parent":0,"menu_order":0,"comment_status":"closed","ping_status":"closed","template":"","meta":{"_et_pb_use_builder":"on","_et_pb_old_content":"","_et_gb_content_width":"","footnotes":""},"class_list":["post-4062","page","type-page","status-publish","hentry"],"_links":{"self":[{"href":"https:\/\/www.caribbeanislands.com\/sv\/wp-json\/wp\/v2\/pages\/4062","targetHints":{"allow":["GET"]}}],"collection":[{"href":"https:\/\/www.caribbeanislands.com\/sv\/wp-json\/wp\/v2\/pages"}],"about":[{"href":"https:\/\/www.caribbeanislands.com\/sv\/wp-json\/wp\/v2\/types\/page"}],"author":[{"embeddable":true,"href":"https:\/\/www.caribbeanislands.com\/sv\/wp-json\/wp\/v2\/users\/1"}],"replies":[{"embeddable":true,"href":"https:\/\/www.caribbeanislands.com\/sv\/wp-json\/wp\/v2\/comments?post=4062"}],"version-history":[{"count":5,"href":"https:\/\/www.caribbeanislands.com\/sv\/wp-json\/wp\/v2\/pages\/4062\/revisions"}],"predecessor-version":[{"id":5740,"href":"https:\/\/www.caribbeanislands.com\/sv\/wp-json\/wp\/v2\/pages\/4062\/revisions\/5740"}],"wp:attachment":[{"href":"https:\/\/www.caribbeanislands.com\/sv\/wp-json\/wp\/v2\/media?parent=4062"}],"curies":[{"name":"wp","href":"https:\/\/api.w.org\/{rel}","templated":true}]}}