{"id":4878,"date":"2023-03-08T15:56:42","date_gmt":"2023-03-08T15:56:42","guid":{"rendered":"https:\/\/caribbeanislands.com\/mindre-antillerna\/"},"modified":"2023-03-08T16:31:24","modified_gmt":"2023-03-08T16:31:24","slug":"mindre-antillerna","status":"publish","type":"page","link":"https:\/\/www.caribbeanislands.com\/sv\/mindre-antillerna\/","title":{"rendered":"Mindre Antillerna"},"content":{"rendered":"<p>[et_pb_section fb_built=&#8221;1&#8243; _builder_version=&#8221;4.20.1&#8243; _module_preset=&#8221;default&#8221; hover_enabled=&#8221;0&#8243; global_colors_info=&#8221;{}&#8221; min_height=&#8221;4920.9px&#8221; custom_padding=&#8221;0px|0px|0px|0px|false|false&#8221; custom_margin=&#8221;||||false|false&#8221; sticky_enabled=&#8221;0&#8243;][et_pb_row column_structure=&#8221;1_4,3_4&#8243; _builder_version=&#8221;4.20.1&#8243; _module_preset=&#8221;default&#8221; global_colors_info=&#8221;{}&#8221;][et_pb_column type=&#8221;1_4&#8243; _builder_version=&#8221;4.20.1&#8243; _module_preset=&#8221;default&#8221; global_colors_info=&#8221;{}&#8221;][et_pb_sidebar _builder_version=&#8221;4.20.1&#8243; _module_preset=&#8221;default&#8221; global_colors_info=&#8221;{}&#8221;][\/et_pb_sidebar][\/et_pb_column][et_pb_column type=&#8221;3_4&#8243; _builder_version=&#8221;4.20.1&#8243; _module_preset=&#8221;default&#8221; global_colors_info=&#8221;{}&#8221;][et_pb_text _builder_version=&#8221;4.20.1&#8243; _module_preset=&#8221;default&#8221; global_colors_info=&#8221;{}&#8221;]<\/p>\n<h1>De mindre Antillerna<\/h1>\n<p><strong>Sm\u00e5 Antillerna<\/strong> \u00e4r en grupp \u00f6ar i Karibiska havet som str\u00e4cker sig fr\u00e5n Jungfru\u00f6arna s\u00f6derut till Trinidad och Tobago, best\u00e5ende av tv\u00e5 huvudgrupper av \u00f6ar: den norra gruppen, som inkluderar strong>Leeward\u00f6arna<\/strong> och <strong>Windward\u00f6arna<\/strong> och den s\u00f6dra gruppen, som inkluderar Trinidad och Tobago.<\/p>\n<p><strong>Leeward\u00f6arna<\/strong>, som ligger i den norra delen av Sm\u00e5 Antillerna, inkluderar \u00f6ar som Antigua och Barbuda, St. Kitts och Nevis, Anguilla och Brittiska Jungfru\u00f6arna. <\/p>\n<p>[\/et_pb_text][et_pb_blog fullwidth=&#8221;off&#8221; posts_number=&#8221;30&#8243; include_categories=&#8221;5&#8243; show_author=&#8221;off&#8221; show_date=&#8221;off&#8221; _builder_version=&#8221;4.20.1&#8243; _module_preset=&#8221;default&#8221; global_colors_info=&#8221;{}&#8221;][\/et_pb_blog][et_pb_text _builder_version=&#8221;4.20.1&#8243; _module_preset=&#8221;default&#8221; global_colors_info=&#8221;{}&#8221;]<\/p>\n<p><strong>Vindward\u00f6arna<\/strong>, som ligger i den s\u00f6dra delen av Lilla Antillerna, inkluderar \u00f6ar som Dominica, St. Lucia, St. Vincent och Grenadinerna och Grenada.<\/p>\n<p>[\/et_pb_text][et_pb_blog fullwidth=&#8221;off&#8221; include_categories=&#8221;6&#8243; show_author=&#8221;off&#8221; show_date=&#8221;off&#8221; _builder_version=&#8221;4.20.1&#8243; _module_preset=&#8221;default&#8221; global_colors_info=&#8221;{}&#8221;][\/et_pb_blog][\/et_pb_column][\/et_pb_row][\/et_pb_section]<\/p>\n","protected":false},"excerpt":{"rendered":"<p>De mindre Antillerna Sm\u00e5 Antillerna \u00e4r en grupp \u00f6ar i Karibiska havet som str\u00e4cker sig fr\u00e5n Jungfru\u00f6arna s\u00f6derut till Trinidad och Tobago, best\u00e5ende av tv\u00e5 huvudgrupper av \u00f6ar: den norra gruppen, som inkluderar strong>Leeward\u00f6arna och Windward\u00f6arna och den s\u00f6dra gruppen, som inkluderar Trinidad och Tobago. Leeward\u00f6arna, som ligger i den norra delen av Sm\u00e5 Antillerna, [&hellip;]<\/p>\n","protected":false},"author":1,"featured_media":0,"parent":0,"menu_order":0,"comment_status":"closed","ping_status":"closed","template":"","meta":{"_et_pb_use_builder":"on","_et_pb_old_content":"","_et_gb_content_width":"","footnotes":""},"class_list":["post-4878","page","type-page","status-publish","hentry"],"_links":{"self":[{"href":"https:\/\/www.caribbeanislands.com\/sv\/wp-json\/wp\/v2\/pages\/4878","targetHints":{"allow":["GET"]}}],"collection":[{"href":"https:\/\/www.caribbeanislands.com\/sv\/wp-json\/wp\/v2\/pages"}],"about":[{"href":"https:\/\/www.caribbeanislands.com\/sv\/wp-json\/wp\/v2\/types\/page"}],"author":[{"embeddable":true,"href":"https:\/\/www.caribbeanislands.com\/sv\/wp-json\/wp\/v2\/users\/1"}],"replies":[{"embeddable":true,"href":"https:\/\/www.caribbeanislands.com\/sv\/wp-json\/wp\/v2\/comments?post=4878"}],"version-history":[{"count":5,"href":"https:\/\/www.caribbeanislands.com\/sv\/wp-json\/wp\/v2\/pages\/4878\/revisions"}],"predecessor-version":[{"id":4931,"href":"https:\/\/www.caribbeanislands.com\/sv\/wp-json\/wp\/v2\/pages\/4878\/revisions\/4931"}],"wp:attachment":[{"href":"https:\/\/www.caribbeanislands.com\/sv\/wp-json\/wp\/v2\/media?parent=4878"}],"curies":[{"name":"wp","href":"https:\/\/api.w.org\/{rel}","templated":true}]}}