{"id":5085,"date":"2023-03-08T17:50:06","date_gmt":"2023-03-08T17:50:06","guid":{"rendered":"https:\/\/caribbeanislands.com\/windward-islands\/"},"modified":"2023-03-08T17:50:06","modified_gmt":"2023-03-08T17:50:06","slug":"windward-islands","status":"publish","type":"page","link":"https:\/\/www.caribbeanislands.com\/sv\/windward-islands\/","title":{"rendered":"Windward Islands"},"content":{"rendered":"<p>[et_pb_section fb_built=&#8221;1&#8243; admin_label=&#8221;section&#8221; _builder_version=&#8221;4.16&#8243; global_colors_info=&#8221;{}&#8221;][et_pb_row admin_label=&#8221;row&#8221; _builder_version=&#8221;4.20.1&#8243; background_size=&#8221;initial&#8221; background_position=&#8221;top_left&#8221; background_repeat=&#8221;repeat&#8221; hover_enabled=&#8221;0&#8243; global_colors_info=&#8221;{}&#8221; column_structure=&#8221;1_4,3_4&#8243; sticky_enabled=&#8221;0&#8243;][et_pb_column type=&#8221;1_4&#8243; _builder_version=&#8221;4.16&#8243; custom_padding=&#8221;|||&#8221; global_colors_info=&#8221;{}&#8221; custom_padding__hover=&#8221;|||&#8221;][et_pb_sidebar _builder_version=&#8221;4.20.1&#8243; _module_preset=&#8221;default&#8221; hover_enabled=&#8221;0&#8243; sticky_enabled=&#8221;0&#8243;][\/et_pb_sidebar][\/et_pb_column][et_pb_column type=&#8221;3_4&#8243; _builder_version=&#8221;4.16&#8243; custom_padding=&#8221;|||&#8221; global_colors_info=&#8221;{}&#8221; custom_padding__hover=&#8221;|||&#8221;][et_pb_text admin_label=&#8221;Text&#8221; _builder_version=&#8221;4.20.1&#8243; background_size=&#8221;initial&#8221; background_position=&#8221;top_left&#8221; background_repeat=&#8221;repeat&#8221; hover_enabled=&#8221;0&#8243; global_colors_info=&#8221;{}&#8221; sticky_enabled=&#8221;0&#8243;]<\/p>\n<h1>Windward Islands<\/h1>\n<p><strong>Vindward\u00f6arna<\/strong> \u00e4r gruppen av karibiska \u00f6ar som ligger i den \u00f6stra delen av Karibiska havet, s\u00f6der om Leeward\u00f6arna. Gruppen omfattar \u00f6ar som Dominica, St. Lucia, St. Vincent och Grenadinerna, Grenada och Barbados.[\/et_pb_text][et_pb_blog _builder_version=&#8221;4.20.1&#8243; _module_preset=&#8221;default&#8221; posts_number=&#8221;22&#8243; include_categories=&#8221;6&#8243; fullwidth=&#8221;off&#8221; show_author=&#8221;off&#8221; show_date=&#8221;off&#8221; hover_enabled=&#8221;0&#8243; sticky_enabled=&#8221;0&#8243;][\/et_pb_blog][\/et_pb_column][\/et_pb_row][\/et_pb_section]<\/p>\n","protected":false},"excerpt":{"rendered":"<p>Windward Islands Vindward\u00f6arna \u00e4r gruppen av karibiska \u00f6ar som ligger i den \u00f6stra delen av Karibiska havet, s\u00f6der om Leeward\u00f6arna. Gruppen omfattar \u00f6ar som Dominica, St. Lucia, St. Vincent och Grenadinerna, Grenada och Barbados.<\/p>\n","protected":false},"author":1,"featured_media":0,"parent":0,"menu_order":0,"comment_status":"closed","ping_status":"closed","template":"","meta":{"_et_pb_use_builder":"on","_et_pb_old_content":"","_et_gb_content_width":"","footnotes":""},"class_list":["post-5085","page","type-page","status-publish","hentry"],"_links":{"self":[{"href":"https:\/\/www.caribbeanislands.com\/sv\/wp-json\/wp\/v2\/pages\/5085","targetHints":{"allow":["GET"]}}],"collection":[{"href":"https:\/\/www.caribbeanislands.com\/sv\/wp-json\/wp\/v2\/pages"}],"about":[{"href":"https:\/\/www.caribbeanislands.com\/sv\/wp-json\/wp\/v2\/types\/page"}],"author":[{"embeddable":true,"href":"https:\/\/www.caribbeanislands.com\/sv\/wp-json\/wp\/v2\/users\/1"}],"replies":[{"embeddable":true,"href":"https:\/\/www.caribbeanislands.com\/sv\/wp-json\/wp\/v2\/comments?post=5085"}],"version-history":[{"count":2,"href":"https:\/\/www.caribbeanislands.com\/sv\/wp-json\/wp\/v2\/pages\/5085\/revisions"}],"predecessor-version":[{"id":5087,"href":"https:\/\/www.caribbeanislands.com\/sv\/wp-json\/wp\/v2\/pages\/5085\/revisions\/5087"}],"wp:attachment":[{"href":"https:\/\/www.caribbeanislands.com\/sv\/wp-json\/wp\/v2\/media?parent=5085"}],"curies":[{"name":"wp","href":"https:\/\/api.w.org\/{rel}","templated":true}]}}