{"id":5088,"date":"2023-03-08T17:50:27","date_gmt":"2023-03-08T17:50:27","guid":{"rendered":"https:\/\/caribbeanislands.com\/abc-oarna\/"},"modified":"2023-03-08T17:50:28","modified_gmt":"2023-03-08T17:50:28","slug":"abc-oarna","status":"publish","type":"page","link":"https:\/\/www.caribbeanislands.com\/sv\/abc-oarna\/","title":{"rendered":"ABC-\u00f6arna"},"content":{"rendered":"<p>[et_pb_section fb_built=&#8221;1&#8243; admin_label=&#8221;section&#8221; _builder_version=&#8221;4.16&#8243; global_colors_info=&#8221;{}&#8221;][et_pb_row admin_label=&#8221;row&#8221; _builder_version=&#8221;4.20.1&#8243; background_size=&#8221;initial&#8221; background_position=&#8221;top_left&#8221; background_repeat=&#8221;repeat&#8221; hover_enabled=&#8221;0&#8243; global_colors_info=&#8221;{}&#8221; column_structure=&#8221;1_4,3_4&#8243; sticky_enabled=&#8221;0&#8243;][et_pb_column type=&#8221;1_4&#8243; _builder_version=&#8221;4.16&#8243; custom_padding=&#8221;|||&#8221; global_colors_info=&#8221;{}&#8221; custom_padding__hover=&#8221;|||&#8221;][et_pb_sidebar _builder_version=&#8221;4.20.1&#8243; _module_preset=&#8221;default&#8221; hover_enabled=&#8221;0&#8243; sticky_enabled=&#8221;0&#8243;][\/et_pb_sidebar][\/et_pb_column][et_pb_column type=&#8221;3_4&#8243; _builder_version=&#8221;4.16&#8243; custom_padding=&#8221;|||&#8221; global_colors_info=&#8221;{}&#8221; custom_padding__hover=&#8221;|||&#8221;][et_pb_text admin_label=&#8221;Text&#8221; _builder_version=&#8221;4.20.1&#8243; background_size=&#8221;initial&#8221; background_position=&#8221;top_left&#8221; background_repeat=&#8221;repeat&#8221; hover_enabled=&#8221;0&#8243; global_colors_info=&#8221;{}&#8221; sticky_enabled=&#8221;0&#8243;]<\/p>\n<h1>ABC-\u00f6arna<\/h1>\n<p><strong>ABC-\u00f6arna<\/strong> \u00e4r gruppen av karibiska \u00f6ar som ligger i den s\u00f6dra delen av Karibiska havet, utanf\u00f6r Venezuelas nordv\u00e4stra kust. Namnet &#8221;ABC&#8221; syftar p\u00e5 de tre huvud\u00f6arna i gruppen: Aruba, Bonaire och Cura\u00e7ao.[\/et_pb_text][et_pb_blog _builder_version=&#8221;4.20.1&#8243; _module_preset=&#8221;default&#8221; include_categories=&#8221;7&#8243; fullwidth=&#8221;off&#8221; show_author=&#8221;off&#8221; show_date=&#8221;off&#8221; hover_enabled=&#8221;0&#8243; sticky_enabled=&#8221;0&#8243;][\/et_pb_blog][\/et_pb_column][\/et_pb_row][\/et_pb_section]<\/p>\n","protected":false},"excerpt":{"rendered":"<p>ABC-\u00f6arna ABC-\u00f6arna \u00e4r gruppen av karibiska \u00f6ar som ligger i den s\u00f6dra delen av Karibiska havet, utanf\u00f6r Venezuelas nordv\u00e4stra kust. Namnet &#8221;ABC&#8221; syftar p\u00e5 de tre huvud\u00f6arna i gruppen: Aruba, Bonaire och Cura\u00e7ao.<\/p>\n","protected":false},"author":1,"featured_media":0,"parent":0,"menu_order":0,"comment_status":"closed","ping_status":"closed","template":"","meta":{"_et_pb_use_builder":"on","_et_pb_old_content":"","_et_gb_content_width":"","footnotes":""},"class_list":["post-5088","page","type-page","status-publish","hentry"],"_links":{"self":[{"href":"https:\/\/www.caribbeanislands.com\/sv\/wp-json\/wp\/v2\/pages\/5088","targetHints":{"allow":["GET"]}}],"collection":[{"href":"https:\/\/www.caribbeanislands.com\/sv\/wp-json\/wp\/v2\/pages"}],"about":[{"href":"https:\/\/www.caribbeanislands.com\/sv\/wp-json\/wp\/v2\/types\/page"}],"author":[{"embeddable":true,"href":"https:\/\/www.caribbeanislands.com\/sv\/wp-json\/wp\/v2\/users\/1"}],"replies":[{"embeddable":true,"href":"https:\/\/www.caribbeanislands.com\/sv\/wp-json\/wp\/v2\/comments?post=5088"}],"version-history":[{"count":2,"href":"https:\/\/www.caribbeanislands.com\/sv\/wp-json\/wp\/v2\/pages\/5088\/revisions"}],"predecessor-version":[{"id":5090,"href":"https:\/\/www.caribbeanislands.com\/sv\/wp-json\/wp\/v2\/pages\/5088\/revisions\/5090"}],"wp:attachment":[{"href":"https:\/\/www.caribbeanislands.com\/sv\/wp-json\/wp\/v2\/media?parent=5088"}],"curies":[{"name":"wp","href":"https:\/\/api.w.org\/{rel}","templated":true}]}}