{"id":5091,"date":"2023-03-08T17:50:47","date_gmt":"2023-03-08T17:50:47","guid":{"rendered":"https:\/\/caribbeanislands.com\/lucayan-skargard\/"},"modified":"2023-03-08T17:50:47","modified_gmt":"2023-03-08T17:50:47","slug":"lucayan-skargard","status":"publish","type":"page","link":"https:\/\/www.caribbeanislands.com\/sv\/lucayan-skargard\/","title":{"rendered":"Lucayan sk\u00e4rg\u00e5rd"},"content":{"rendered":"<p>[et_pb_section fb_built=&#8221;1&#8243; admin_label=&#8221;section&#8221; _builder_version=&#8221;4.16&#8243; global_colors_info=&#8221;{}&#8221;][et_pb_row admin_label=&#8221;row&#8221; _builder_version=&#8221;4.20.1&#8243; background_size=&#8221;initial&#8221; background_position=&#8221;top_left&#8221; background_repeat=&#8221;repeat&#8221; hover_enabled=&#8221;0&#8243; global_colors_info=&#8221;{}&#8221; column_structure=&#8221;1_4,3_4&#8243; sticky_enabled=&#8221;0&#8243;][et_pb_column type=&#8221;1_4&#8243; _builder_version=&#8221;4.16&#8243; custom_padding=&#8221;|||&#8221; global_colors_info=&#8221;{}&#8221; custom_padding__hover=&#8221;|||&#8221;][et_pb_sidebar _builder_version=&#8221;4.20.1&#8243; _module_preset=&#8221;default&#8221; hover_enabled=&#8221;0&#8243; sticky_enabled=&#8221;0&#8243;][\/et_pb_sidebar][\/et_pb_column][et_pb_column type=&#8221;3_4&#8243; _builder_version=&#8221;4.16&#8243; custom_padding=&#8221;|||&#8221; global_colors_info=&#8221;{}&#8221; custom_padding__hover=&#8221;|||&#8221;][et_pb_text admin_label=&#8221;Text&#8221; _builder_version=&#8221;4.20.1&#8243; background_size=&#8221;initial&#8221; background_position=&#8221;top_left&#8221; background_repeat=&#8221;repeat&#8221; hover_enabled=&#8221;0&#8243; global_colors_info=&#8221;{}&#8221; sticky_enabled=&#8221;0&#8243;]<\/p>\n<h1>Lucayan sk\u00e4rg\u00e5rd<\/h1>\n<p><strong>Lucayan-sk\u00e4rg\u00e5rden<\/strong> ligger i den nordv\u00e4stra delen av Atlanten, sydost om USA och norr om Karibiska havet. Det omfattar flera \u00f6ar, s\u00e5som Bahamas, Turks- och Caicos\u00f6arna, och delar av \u00f6n Hispaniola, som delas av Haiti och Dominikanska republiken. Och trots att den \u00e4r bel\u00e4gen i Atlanten, kallas Lucayan sk\u00e4rg\u00e5rd ofta som karibiska \u00f6ar p\u00e5 grund av deras n\u00e4rhet till Karibien och deras gemensamma kulturella, historiska och geologiska egenskaper.[\/et_pb_text][et_pb_blog _builder_version=&#8221;4.20.1&#8243; _module_preset=&#8221;default&#8221; include_categories=&#8221;8&#8243; fullwidth=&#8221;off&#8221; show_author=&#8221;off&#8221; show_date=&#8221;off&#8221; hover_enabled=&#8221;0&#8243; sticky_enabled=&#8221;0&#8243;][\/et_pb_blog][\/et_pb_column][\/et_pb_row][\/et_pb_section]<\/p>\n","protected":false},"excerpt":{"rendered":"<p>Lucayan sk\u00e4rg\u00e5rd Lucayan-sk\u00e4rg\u00e5rden ligger i den nordv\u00e4stra delen av Atlanten, sydost om USA och norr om Karibiska havet. Det omfattar flera \u00f6ar, s\u00e5som Bahamas, Turks- och Caicos\u00f6arna, och delar av \u00f6n Hispaniola, som delas av Haiti och Dominikanska republiken. Och trots att den \u00e4r bel\u00e4gen i Atlanten, kallas Lucayan sk\u00e4rg\u00e5rd ofta som karibiska \u00f6ar p\u00e5 [&hellip;]<\/p>\n","protected":false},"author":1,"featured_media":0,"parent":0,"menu_order":0,"comment_status":"closed","ping_status":"closed","template":"","meta":{"_et_pb_use_builder":"on","_et_pb_old_content":"","_et_gb_content_width":"","footnotes":""},"class_list":["post-5091","page","type-page","status-publish","hentry"],"_links":{"self":[{"href":"https:\/\/www.caribbeanislands.com\/sv\/wp-json\/wp\/v2\/pages\/5091","targetHints":{"allow":["GET"]}}],"collection":[{"href":"https:\/\/www.caribbeanislands.com\/sv\/wp-json\/wp\/v2\/pages"}],"about":[{"href":"https:\/\/www.caribbeanislands.com\/sv\/wp-json\/wp\/v2\/types\/page"}],"author":[{"embeddable":true,"href":"https:\/\/www.caribbeanislands.com\/sv\/wp-json\/wp\/v2\/users\/1"}],"replies":[{"embeddable":true,"href":"https:\/\/www.caribbeanislands.com\/sv\/wp-json\/wp\/v2\/comments?post=5091"}],"version-history":[{"count":2,"href":"https:\/\/www.caribbeanislands.com\/sv\/wp-json\/wp\/v2\/pages\/5091\/revisions"}],"predecessor-version":[{"id":5093,"href":"https:\/\/www.caribbeanislands.com\/sv\/wp-json\/wp\/v2\/pages\/5091\/revisions\/5093"}],"wp:attachment":[{"href":"https:\/\/www.caribbeanislands.com\/sv\/wp-json\/wp\/v2\/media?parent=5091"}],"curies":[{"name":"wp","href":"https:\/\/api.w.org\/{rel}","templated":true}]}}